{"id":8278,"date":"2022-01-19T17:46:22","date_gmt":"2022-01-19T15:46:22","guid":{"rendered":"https:\/\/thefitbody.eu\/en\/?post_type=product&#038;p=8278"},"modified":"2022-07-29T09:36:30","modified_gmt":"2022-07-29T06:36:30","slug":"fitbody-tea-bottle-2","status":"publish","type":"product","link":"https:\/\/www.thefitbody.eu\/de\/product\/fitbody-tea-bottle-2\/","title":{"rendered":"Glasflasche"},"excerpt":{"rendered":"<p><strong>Die FitBody Glasflasche ist der beste Weg, um deinen K\u00f6rper den ganzen Tag \u00fcber hydriert und leistungsf\u00e4hig zu halten.<\/strong><\/p>\n<p>Halte deinen K\u00f6rper hydriert, damit du jederzeit und \u00fcberall H\u00f6chstleistungen erbringen kannst. Die stilvolle FitBody Glasflasche wurde entwickelt, um deinen Tee den ganzen Tag \u00fcber frisch und lecker zu halten. Aus hochwertigem Glas gefertigt und mit einem Edelstahl-Ei ausgestattet, sorgt deine Flasche daf\u00fcr, dass du deinen Tee auf umweltfreundliche Weise trinkst und gleichzeitig vor den sch\u00e4dlichen Zusammensetzungen gesch\u00fctzt bist, die Plastikflaschen abgeben.<\/p>\n","protected":false},"featured_media":8283,"comment_status":"closed","ping_status":"closed","template":"","meta":[],"product_cat":[90,41],"product_tag":[],"bundle_layout":"","bundled_by":[],"bundled_items":[],"yoast_head":"<!-- This site is optimized with the Yoast SEO plugin v22.0 - https:\/\/yoast.com\/wordpress\/plugins\/seo\/ -->\n<title>Glasflasche - TheFitbody Deutschland<\/title>\n<meta name=\"description\" content=\"Die FitBody Glasflasche ist der beste Weg, um deinen K\u00f6rper den ganzen Tag \u00fcber hydriert und leistungsf\u00e4hig zu halten.\" \/>\n<meta name=\"robots\" content=\"index, follow, max-snippet:-1, max-image-preview:large, max-video-preview:-1\" \/>\n<link rel=\"canonical\" href=\"https:\/\/www.thefitbody.eu\/de\/product\/fitbody-tea-bottle-2\/\" \/>\n<meta property=\"og:locale\" content=\"de_DE\" \/>\n<meta property=\"og:type\" content=\"article\" \/>\n<meta property=\"og:title\" content=\"Glasflasche - TheFitbody Deutschland\" \/>\n<meta property=\"og:description\" content=\"Die FitBody Glasflasche ist der beste Weg, um deinen K\u00f6rper den ganzen Tag \u00fcber hydriert und leistungsf\u00e4hig zu halten.\" \/>\n<meta property=\"og:url\" content=\"https:\/\/www.thefitbody.eu\/de\/product\/fitbody-tea-bottle-2\/\" \/>\n<meta property=\"og:site_name\" content=\"TheFitbody Deutschland\" \/>\n<meta property=\"article:modified_time\" content=\"2022-07-29T06:36:30+00:00\" \/>\n<meta property=\"og:image\" content=\"https:\/\/www.thefitbody.eu\/de\/wp-content\/uploads\/sites\/14\/2022\/01\/fit-body-glass-bottle-D-1.png\" \/>\n\t<meta property=\"og:image:width\" content=\"600\" \/>\n\t<meta property=\"og:image:height\" content=\"600\" \/>\n\t<meta property=\"og:image:type\" content=\"image\/png\" \/>\n<meta name=\"twitter:card\" content=\"summary_large_image\" \/>\n<script type=\"application\/ld+json\" class=\"yoast-schema-graph\">{\"@context\":\"https:\/\/schema.org\",\"@graph\":[{\"@type\":\"WebPage\",\"@id\":\"https:\/\/www.thefitbody.eu\/de\/product\/fitbody-tea-bottle-2\/\",\"url\":\"https:\/\/www.thefitbody.eu\/de\/product\/fitbody-tea-bottle-2\/\",\"name\":\"Glasflasche - TheFitbody Deutschland\",\"isPartOf\":{\"@id\":\"https:\/\/www.thefitbody.eu\/de\/#website\"},\"datePublished\":\"2022-01-19T15:46:22+00:00\",\"dateModified\":\"2022-07-29T06:36:30+00:00\",\"description\":\"Die FitBody Glasflasche ist der beste Weg, um deinen K\u00f6rper den ganzen Tag \u00fcber hydriert und leistungsf\u00e4hig zu halten.\",\"breadcrumb\":{\"@id\":\"https:\/\/www.thefitbody.eu\/de\/product\/fitbody-tea-bottle-2\/#breadcrumb\"},\"inLanguage\":\"de\",\"potentialAction\":[{\"@type\":\"ReadAction\",\"target\":[\"https:\/\/www.thefitbody.eu\/de\/product\/fitbody-tea-bottle-2\/\"]}]},{\"@type\":\"BreadcrumbList\",\"@id\":\"https:\/\/www.thefitbody.eu\/de\/product\/fitbody-tea-bottle-2\/#breadcrumb\",\"itemListElement\":[{\"@type\":\"ListItem\",\"position\":1,\"name\":\"Home\",\"item\":\"https:\/\/www.thefitbody.eu\/de\/\"},{\"@type\":\"ListItem\",\"position\":2,\"name\":\"Shop\",\"item\":\"https:\/\/www.thefitbody.eu\/de\/shop\/\"},{\"@type\":\"ListItem\",\"position\":3,\"name\":\"Glasflasche\"}]},{\"@type\":\"WebSite\",\"@id\":\"https:\/\/www.thefitbody.eu\/de\/#website\",\"url\":\"https:\/\/www.thefitbody.eu\/de\/\",\"name\":\"TheFitbody Deutschland\",\"description\":\"Entfessle das wahre Potenzial deines K\u00f6rpers\",\"publisher\":{\"@id\":\"https:\/\/www.thefitbody.eu\/de\/#organization\"},\"potentialAction\":[{\"@type\":\"SearchAction\",\"target\":{\"@type\":\"EntryPoint\",\"urlTemplate\":\"https:\/\/www.thefitbody.eu\/de\/?s={search_term_string}\"},\"query-input\":\"required name=search_term_string\"}],\"inLanguage\":\"de\"},{\"@type\":\"Organization\",\"@id\":\"https:\/\/www.thefitbody.eu\/de\/#organization\",\"name\":\"FitBody\",\"url\":\"https:\/\/www.thefitbody.eu\/de\/\",\"logo\":{\"@type\":\"ImageObject\",\"inLanguage\":\"de\",\"@id\":\"https:\/\/www.thefitbody.eu\/de\/#\/schema\/logo\/image\/\",\"url\":\"https:\/\/www.thefitbody.eu\/de\/wp-content\/uploads\/sites\/14\/2022\/01\/index-banner-D-BG-2.jpg\",\"contentUrl\":\"https:\/\/www.thefitbody.eu\/de\/wp-content\/uploads\/sites\/14\/2022\/01\/index-banner-D-BG-2.jpg\",\"width\":1920,\"height\":700,\"caption\":\"FitBody\"},\"image\":{\"@id\":\"https:\/\/www.thefitbody.eu\/de\/#\/schema\/logo\/image\/\"}}]}<\/script>\n<!-- \/ Yoast SEO plugin. -->","yoast_head_json":{"title":"Glasflasche - TheFitbody Deutschland","description":"Die FitBody Glasflasche ist der beste Weg, um deinen K\u00f6rper den ganzen Tag \u00fcber hydriert und leistungsf\u00e4hig zu halten.","robots":{"index":"index","follow":"follow","max-snippet":"max-snippet:-1","max-image-preview":"max-image-preview:large","max-video-preview":"max-video-preview:-1"},"canonical":"https:\/\/www.thefitbody.eu\/de\/product\/fitbody-tea-bottle-2\/","og_locale":"de_DE","og_type":"article","og_title":"Glasflasche - TheFitbody Deutschland","og_description":"Die FitBody Glasflasche ist der beste Weg, um deinen K\u00f6rper den ganzen Tag \u00fcber hydriert und leistungsf\u00e4hig zu halten.","og_url":"https:\/\/www.thefitbody.eu\/de\/product\/fitbody-tea-bottle-2\/","og_site_name":"TheFitbody Deutschland","article_modified_time":"2022-07-29T06:36:30+00:00","og_image":[{"width":600,"height":600,"url":"https:\/\/www.thefitbody.eu\/de\/wp-content\/uploads\/sites\/14\/2022\/01\/fit-body-glass-bottle-D-1.png","type":"image\/png"}],"twitter_card":"summary_large_image","schema":{"@context":"https:\/\/schema.org","@graph":[{"@type":"WebPage","@id":"https:\/\/www.thefitbody.eu\/de\/product\/fitbody-tea-bottle-2\/","url":"https:\/\/www.thefitbody.eu\/de\/product\/fitbody-tea-bottle-2\/","name":"Glasflasche - TheFitbody Deutschland","isPartOf":{"@id":"https:\/\/www.thefitbody.eu\/de\/#website"},"datePublished":"2022-01-19T15:46:22+00:00","dateModified":"2022-07-29T06:36:30+00:00","description":"Die FitBody Glasflasche ist der beste Weg, um deinen K\u00f6rper den ganzen Tag \u00fcber hydriert und leistungsf\u00e4hig zu halten.","breadcrumb":{"@id":"https:\/\/www.thefitbody.eu\/de\/product\/fitbody-tea-bottle-2\/#breadcrumb"},"inLanguage":"de","potentialAction":[{"@type":"ReadAction","target":["https:\/\/www.thefitbody.eu\/de\/product\/fitbody-tea-bottle-2\/"]}]},{"@type":"BreadcrumbList","@id":"https:\/\/www.thefitbody.eu\/de\/product\/fitbody-tea-bottle-2\/#breadcrumb","itemListElement":[{"@type":"ListItem","position":1,"name":"Home","item":"https:\/\/www.thefitbody.eu\/de\/"},{"@type":"ListItem","position":2,"name":"Shop","item":"https:\/\/www.thefitbody.eu\/de\/shop\/"},{"@type":"ListItem","position":3,"name":"Glasflasche"}]},{"@type":"WebSite","@id":"https:\/\/www.thefitbody.eu\/de\/#website","url":"https:\/\/www.thefitbody.eu\/de\/","name":"TheFitbody Deutschland","description":"Entfessle das wahre Potenzial deines K\u00f6rpers","publisher":{"@id":"https:\/\/www.thefitbody.eu\/de\/#organization"},"potentialAction":[{"@type":"SearchAction","target":{"@type":"EntryPoint","urlTemplate":"https:\/\/www.thefitbody.eu\/de\/?s={search_term_string}"},"query-input":"required name=search_term_string"}],"inLanguage":"de"},{"@type":"Organization","@id":"https:\/\/www.thefitbody.eu\/de\/#organization","name":"FitBody","url":"https:\/\/www.thefitbody.eu\/de\/","logo":{"@type":"ImageObject","inLanguage":"de","@id":"https:\/\/www.thefitbody.eu\/de\/#\/schema\/logo\/image\/","url":"https:\/\/www.thefitbody.eu\/de\/wp-content\/uploads\/sites\/14\/2022\/01\/index-banner-D-BG-2.jpg","contentUrl":"https:\/\/www.thefitbody.eu\/de\/wp-content\/uploads\/sites\/14\/2022\/01\/index-banner-D-BG-2.jpg","width":1920,"height":700,"caption":"FitBody"},"image":{"@id":"https:\/\/www.thefitbody.eu\/de\/#\/schema\/logo\/image\/"}}]}},"_links":{"self":[{"href":"https:\/\/www.thefitbody.eu\/de\/wp-json\/wp\/v2\/product\/8278"}],"collection":[{"href":"https:\/\/www.thefitbody.eu\/de\/wp-json\/wp\/v2\/product"}],"about":[{"href":"https:\/\/www.thefitbody.eu\/de\/wp-json\/wp\/v2\/types\/product"}],"replies":[{"embeddable":true,"href":"https:\/\/www.thefitbody.eu\/de\/wp-json\/wp\/v2\/comments?post=8278"}],"wp:featuredmedia":[{"embeddable":true,"href":"https:\/\/www.thefitbody.eu\/de\/wp-json\/wp\/v2\/media\/8283"}],"wp:attachment":[{"href":"https:\/\/www.thefitbody.eu\/de\/wp-json\/wp\/v2\/media?parent=8278"}],"wp:term":[{"taxonomy":"product_cat","embeddable":true,"href":"https:\/\/www.thefitbody.eu\/de\/wp-json\/wp\/v2\/product_cat?post=8278"},{"taxonomy":"product_tag","embeddable":true,"href":"https:\/\/www.thefitbody.eu\/de\/wp-json\/wp\/v2\/product_tag?post=8278"}],"curies":[{"name":"wp","href":"https:\/\/api.w.org\/{rel}","templated":true}]}}