{"id":7946,"date":"2021-12-03T15:17:49","date_gmt":"2021-12-03T13:17:49","guid":{"rendered":"https:\/\/thefitbody.eu\/en\/?post_type=product&#038;p=7946"},"modified":"2022-07-29T09:34:00","modified_gmt":"2022-07-29T06:34:00","slug":"fitbody-tea-thermos-orange","status":"publish","type":"product","link":"https:\/\/www.thefitbody.eu\/de\/product\/fitbody-tea-thermos-orange\/","title":{"rendered":"ORANGE THERMOS"},"excerpt":{"rendered":"<p><strong><span style=\"vertical-align: inherit;\"><span style=\"vertical-align: inherit;\">Hol dir den maximalen Nutzen deines Kr\u00e4utertees und genie\u00dfe lang anhaltende Frische und Geschmack.<\/span><\/span><\/strong><\/p>\n<p><span data-sheets-value=\"{&quot;1&quot;:2,&quot;2&quot;:&quot;\\n\u0418\u0437\u0440\u0430\u0431\u043e\u0442\u0435\u043d \u043e\u0442 \u0432\u0438\u0441\u043e\u043a\u043e\u043a\u0430\u0447\u0435\u0441\u0442\u0432\u0435\u043d\u0430 \u043d\u0435\u0440\u044a\u0436\u0434\u0430\u0435\u043c\u0430 \u0441\u0442\u043e\u043c\u0430\u043d\u0430, \u0442\u0435\u0440\u043c\u043e\u0441\u044a\u0442 \u043d\u0430 Fit Body \u0438\u043c\u0430 \u0438 \u0432\u0433\u0440\u0430\u0434\u0435\u043d \u0438\u043d\u0444\u044e\u0437\u0435\u0440, \u043a\u043e\u0439\u0442\u043e \u0438\u0437\u0432\u043b\u0438\u0447\u0430 \u043c\u0430\u043a\u0441\u0438\u043c\u0430\u043b\u043d\u043e\u0442\u043e \u043a\u043e\u043b\u0438\u0447\u0435\u0441\u0442\u0432\u043e \u043f\u043e\u043b\u0435\u0437\u043d\u0438 \u0432\u0435\u0449\u0435\u0441\u0442\u0432\u0430 \u043e\u0442 \u0431\u0438\u043b\u043a\u0438\u0442\u0435. \u0411\u043b\u0430\u0433\u043e\u0434\u0430\u0440\u0435\u043d\u0438\u0435 \u043d\u0430 \u0434\u0432\u043e\u0439\u043d\u0430\u0442\u0430 \u0432\u0430\u043a\u0443\u0443\u043c\u043d\u0430 \u0438\u0437\u043e\u043b\u0430\u0446\u0438\u044f, \u0441\u0442\u0438\u043b\u043d\u0438\u044f\u0442 \u0442\u0435\u0440\u043c\u043e\u0441 \u043c\u043e\u0436\u0435 \u0434\u0430 \u0437\u0430\u043f\u0430\u0437\u0438 \u0447\u0430\u044f\u0442 \u0433\u043e\u0440\u0435\u0449 \u0434\u043e 12 \u0447\u0430\u0441\u0430 \u0438\u043b\u0438 \u043b\u0435\u0434\u0435\u043d\u043e \u0441\u0442\u0443\u0434\u0435\u043d \u0434\u043e 24 \u0447\u0430\u0441\u0430. \\n&quot;}\" data-sheets-userformat=\"{&quot;2&quot;:771,&quot;3&quot;:{&quot;1&quot;:0},&quot;4&quot;:{&quot;1&quot;:2,&quot;2&quot;:6989903},&quot;11&quot;:4,&quot;12&quot;:0}\" data-sheets-textstyleruns=\"{&quot;1&quot;:0}\uee10{&quot;1&quot;:14,&quot;2&quot;:{&quot;5&quot;:1}}\uee10{&quot;1&quot;:30}\uee10{&quot;1&quot;:178,&quot;2&quot;:{&quot;5&quot;:1}}\uee10{&quot;1&quot;:204}\uee10{&quot;1&quot;:251,&quot;2&quot;:{&quot;5&quot;:1}}\uee10{&quot;1&quot;:253}\uee10{&quot;1&quot;:279,&quot;2&quot;:{&quot;5&quot;:1}}\uee10{&quot;1&quot;:282}\"><br \/>\n<span style=\"vertical-align: inherit;\"><span style=\"vertical-align: inherit;\">The Fit Body Thermos is made of high-quality stainless steel that can be used hundreds of times and features an infuser that helps extract the maximum amount of healthy ingredients from the herbs. <\/span><span style=\"vertical-align: inherit;\">Thanks to the double-insulated vacuum technology, the elegant thermos keeps your tea boiling hot for up to 12 hours or ice cold for up to 24 hours.<\/span><\/span><br \/>\n<\/span><\/p>\n","protected":false},"featured_media":7947,"comment_status":"closed","ping_status":"closed","template":"","meta":[],"product_cat":[88,41],"product_tag":[],"bundle_layout":"","bundled_by":[],"bundled_items":[],"yoast_head":"<!-- This site is optimized with the Yoast SEO plugin v22.0 - https:\/\/yoast.com\/wordpress\/plugins\/seo\/ -->\n<title>ORANGE THERMOS - TheFitbody Deutschland<\/title>\n<meta name=\"description\" content=\"Die Fit Body Thermos besteht aus hochwertigem Edelstahl, der hunderte Male verwendet werden kann, und verf\u00fcgt \u00fcber einen Aufgie\u00dfer, der hilft, die maximale Menge an gesunden Inhaltsstoffen aus den Kr\u00e4utern zu extrahieren.\" \/>\n<meta name=\"robots\" content=\"index, follow, max-snippet:-1, max-image-preview:large, max-video-preview:-1\" \/>\n<link rel=\"canonical\" href=\"https:\/\/www.thefitbody.eu\/de\/product\/fitbody-tea-thermos-orange\/\" \/>\n<meta property=\"og:locale\" content=\"de_DE\" \/>\n<meta property=\"og:type\" content=\"article\" \/>\n<meta property=\"og:title\" content=\"ORANGE THERMOS - TheFitbody Deutschland\" \/>\n<meta property=\"og:description\" content=\"Die Fit Body Thermos besteht aus hochwertigem Edelstahl, der hunderte Male verwendet werden kann, und verf\u00fcgt \u00fcber einen Aufgie\u00dfer, der hilft, die maximale Menge an gesunden Inhaltsstoffen aus den Kr\u00e4utern zu extrahieren.\" \/>\n<meta property=\"og:url\" content=\"https:\/\/www.thefitbody.eu\/de\/product\/fitbody-tea-thermos-orange\/\" \/>\n<meta property=\"og:site_name\" content=\"TheFitbody Deutschland\" \/>\n<meta property=\"article:modified_time\" content=\"2022-07-29T06:34:00+00:00\" \/>\n<meta property=\"og:image\" content=\"https:\/\/www.thefitbody.eu\/de\/wp-content\/uploads\/sites\/14\/2021\/12\/fit-body-thermos-orange-1.png\" \/>\n\t<meta property=\"og:image:width\" content=\"600\" \/>\n\t<meta property=\"og:image:height\" content=\"600\" \/>\n\t<meta property=\"og:image:type\" content=\"image\/png\" \/>\n<meta name=\"twitter:card\" content=\"summary_large_image\" \/>\n<script type=\"application\/ld+json\" class=\"yoast-schema-graph\">{\"@context\":\"https:\/\/schema.org\",\"@graph\":[{\"@type\":\"WebPage\",\"@id\":\"https:\/\/www.thefitbody.eu\/de\/product\/fitbody-tea-thermos-orange\/\",\"url\":\"https:\/\/www.thefitbody.eu\/de\/product\/fitbody-tea-thermos-orange\/\",\"name\":\"ORANGE THERMOS - TheFitbody Deutschland\",\"isPartOf\":{\"@id\":\"https:\/\/www.thefitbody.eu\/de\/#website\"},\"datePublished\":\"2021-12-03T13:17:49+00:00\",\"dateModified\":\"2022-07-29T06:34:00+00:00\",\"description\":\"Die Fit Body Thermos besteht aus hochwertigem Edelstahl, der hunderte Male verwendet werden kann, und verf\u00fcgt \u00fcber einen Aufgie\u00dfer, der hilft, die maximale Menge an gesunden Inhaltsstoffen aus den Kr\u00e4utern zu extrahieren.\",\"breadcrumb\":{\"@id\":\"https:\/\/www.thefitbody.eu\/de\/product\/fitbody-tea-thermos-orange\/#breadcrumb\"},\"inLanguage\":\"de\",\"potentialAction\":[{\"@type\":\"ReadAction\",\"target\":[\"https:\/\/www.thefitbody.eu\/de\/product\/fitbody-tea-thermos-orange\/\"]}]},{\"@type\":\"BreadcrumbList\",\"@id\":\"https:\/\/www.thefitbody.eu\/de\/product\/fitbody-tea-thermos-orange\/#breadcrumb\",\"itemListElement\":[{\"@type\":\"ListItem\",\"position\":1,\"name\":\"Home\",\"item\":\"https:\/\/www.thefitbody.eu\/de\/\"},{\"@type\":\"ListItem\",\"position\":2,\"name\":\"Shop\",\"item\":\"https:\/\/www.thefitbody.eu\/de\/shop\/\"},{\"@type\":\"ListItem\",\"position\":3,\"name\":\"ORANGE THERMOS\"}]},{\"@type\":\"WebSite\",\"@id\":\"https:\/\/www.thefitbody.eu\/de\/#website\",\"url\":\"https:\/\/www.thefitbody.eu\/de\/\",\"name\":\"TheFitbody Deutschland\",\"description\":\"Entfessle das wahre Potenzial deines K\u00f6rpers\",\"publisher\":{\"@id\":\"https:\/\/www.thefitbody.eu\/de\/#organization\"},\"potentialAction\":[{\"@type\":\"SearchAction\",\"target\":{\"@type\":\"EntryPoint\",\"urlTemplate\":\"https:\/\/www.thefitbody.eu\/de\/?s={search_term_string}\"},\"query-input\":\"required name=search_term_string\"}],\"inLanguage\":\"de\"},{\"@type\":\"Organization\",\"@id\":\"https:\/\/www.thefitbody.eu\/de\/#organization\",\"name\":\"FitBody\",\"url\":\"https:\/\/www.thefitbody.eu\/de\/\",\"logo\":{\"@type\":\"ImageObject\",\"inLanguage\":\"de\",\"@id\":\"https:\/\/www.thefitbody.eu\/de\/#\/schema\/logo\/image\/\",\"url\":\"https:\/\/www.thefitbody.eu\/de\/wp-content\/uploads\/sites\/14\/2022\/01\/index-banner-D-BG-2.jpg\",\"contentUrl\":\"https:\/\/www.thefitbody.eu\/de\/wp-content\/uploads\/sites\/14\/2022\/01\/index-banner-D-BG-2.jpg\",\"width\":1920,\"height\":700,\"caption\":\"FitBody\"},\"image\":{\"@id\":\"https:\/\/www.thefitbody.eu\/de\/#\/schema\/logo\/image\/\"}}]}<\/script>\n<!-- \/ Yoast SEO plugin. -->","yoast_head_json":{"title":"ORANGE THERMOS - TheFitbody Deutschland","description":"Die Fit Body Thermos besteht aus hochwertigem Edelstahl, der hunderte Male verwendet werden kann, und verf\u00fcgt \u00fcber einen Aufgie\u00dfer, der hilft, die maximale Menge an gesunden Inhaltsstoffen aus den Kr\u00e4utern zu extrahieren.","robots":{"index":"index","follow":"follow","max-snippet":"max-snippet:-1","max-image-preview":"max-image-preview:large","max-video-preview":"max-video-preview:-1"},"canonical":"https:\/\/www.thefitbody.eu\/de\/product\/fitbody-tea-thermos-orange\/","og_locale":"de_DE","og_type":"article","og_title":"ORANGE THERMOS - TheFitbody Deutschland","og_description":"Die Fit Body Thermos besteht aus hochwertigem Edelstahl, der hunderte Male verwendet werden kann, und verf\u00fcgt \u00fcber einen Aufgie\u00dfer, der hilft, die maximale Menge an gesunden Inhaltsstoffen aus den Kr\u00e4utern zu extrahieren.","og_url":"https:\/\/www.thefitbody.eu\/de\/product\/fitbody-tea-thermos-orange\/","og_site_name":"TheFitbody Deutschland","article_modified_time":"2022-07-29T06:34:00+00:00","og_image":[{"width":600,"height":600,"url":"https:\/\/www.thefitbody.eu\/de\/wp-content\/uploads\/sites\/14\/2021\/12\/fit-body-thermos-orange-1.png","type":"image\/png"}],"twitter_card":"summary_large_image","schema":{"@context":"https:\/\/schema.org","@graph":[{"@type":"WebPage","@id":"https:\/\/www.thefitbody.eu\/de\/product\/fitbody-tea-thermos-orange\/","url":"https:\/\/www.thefitbody.eu\/de\/product\/fitbody-tea-thermos-orange\/","name":"ORANGE THERMOS - TheFitbody Deutschland","isPartOf":{"@id":"https:\/\/www.thefitbody.eu\/de\/#website"},"datePublished":"2021-12-03T13:17:49+00:00","dateModified":"2022-07-29T06:34:00+00:00","description":"Die Fit Body Thermos besteht aus hochwertigem Edelstahl, der hunderte Male verwendet werden kann, und verf\u00fcgt \u00fcber einen Aufgie\u00dfer, der hilft, die maximale Menge an gesunden Inhaltsstoffen aus den Kr\u00e4utern zu extrahieren.","breadcrumb":{"@id":"https:\/\/www.thefitbody.eu\/de\/product\/fitbody-tea-thermos-orange\/#breadcrumb"},"inLanguage":"de","potentialAction":[{"@type":"ReadAction","target":["https:\/\/www.thefitbody.eu\/de\/product\/fitbody-tea-thermos-orange\/"]}]},{"@type":"BreadcrumbList","@id":"https:\/\/www.thefitbody.eu\/de\/product\/fitbody-tea-thermos-orange\/#breadcrumb","itemListElement":[{"@type":"ListItem","position":1,"name":"Home","item":"https:\/\/www.thefitbody.eu\/de\/"},{"@type":"ListItem","position":2,"name":"Shop","item":"https:\/\/www.thefitbody.eu\/de\/shop\/"},{"@type":"ListItem","position":3,"name":"ORANGE THERMOS"}]},{"@type":"WebSite","@id":"https:\/\/www.thefitbody.eu\/de\/#website","url":"https:\/\/www.thefitbody.eu\/de\/","name":"TheFitbody Deutschland","description":"Entfessle das wahre Potenzial deines K\u00f6rpers","publisher":{"@id":"https:\/\/www.thefitbody.eu\/de\/#organization"},"potentialAction":[{"@type":"SearchAction","target":{"@type":"EntryPoint","urlTemplate":"https:\/\/www.thefitbody.eu\/de\/?s={search_term_string}"},"query-input":"required name=search_term_string"}],"inLanguage":"de"},{"@type":"Organization","@id":"https:\/\/www.thefitbody.eu\/de\/#organization","name":"FitBody","url":"https:\/\/www.thefitbody.eu\/de\/","logo":{"@type":"ImageObject","inLanguage":"de","@id":"https:\/\/www.thefitbody.eu\/de\/#\/schema\/logo\/image\/","url":"https:\/\/www.thefitbody.eu\/de\/wp-content\/uploads\/sites\/14\/2022\/01\/index-banner-D-BG-2.jpg","contentUrl":"https:\/\/www.thefitbody.eu\/de\/wp-content\/uploads\/sites\/14\/2022\/01\/index-banner-D-BG-2.jpg","width":1920,"height":700,"caption":"FitBody"},"image":{"@id":"https:\/\/www.thefitbody.eu\/de\/#\/schema\/logo\/image\/"}}]}},"_links":{"self":[{"href":"https:\/\/www.thefitbody.eu\/de\/wp-json\/wp\/v2\/product\/7946"}],"collection":[{"href":"https:\/\/www.thefitbody.eu\/de\/wp-json\/wp\/v2\/product"}],"about":[{"href":"https:\/\/www.thefitbody.eu\/de\/wp-json\/wp\/v2\/types\/product"}],"replies":[{"embeddable":true,"href":"https:\/\/www.thefitbody.eu\/de\/wp-json\/wp\/v2\/comments?post=7946"}],"wp:featuredmedia":[{"embeddable":true,"href":"https:\/\/www.thefitbody.eu\/de\/wp-json\/wp\/v2\/media\/7947"}],"wp:attachment":[{"href":"https:\/\/www.thefitbody.eu\/de\/wp-json\/wp\/v2\/media?parent=7946"}],"wp:term":[{"taxonomy":"product_cat","embeddable":true,"href":"https:\/\/www.thefitbody.eu\/de\/wp-json\/wp\/v2\/product_cat?post=7946"},{"taxonomy":"product_tag","embeddable":true,"href":"https:\/\/www.thefitbody.eu\/de\/wp-json\/wp\/v2\/product_tag?post=7946"}],"curies":[{"name":"wp","href":"https:\/\/api.w.org\/{rel}","templated":true}]}}