{"id":7934,"date":"2021-05-03T13:59:59","date_gmt":"2021-05-03T10:59:59","guid":{"rendered":"https:\/\/thefitbody.eu\/en\/?post_type=product&#038;p=7934"},"modified":"2022-07-29T09:26:02","modified_gmt":"2022-07-29T06:26:02","slug":"detox-tea-2","status":"publish","type":"product","link":"https:\/\/www.thefitbody.eu\/de\/product\/detox-tea-2\/","title":{"rendered":"DETOX TEA"},"excerpt":{"rendered":"<p><strong>FitBody Detox ist der nat\u00fcrlichste und ges\u00fcndeste Weg, deinen K\u00f6rper von Giftstoffen zu befreien.<\/strong><\/p>\n<p>Mach deinen K\u00f6rper sauber und schlank. FitBody Detox unterst\u00fctzt nachweislich den nat\u00fcrlichen Entgiftungsprozess deines K\u00f6rpers, indem es seine Funktionen zur Ausschwemmung von Giftstoffen und zur Verbesserung seiner allgemeinen Funktionsf\u00e4higkeit verbessert. FitBody Detox wird mit den st\u00e4rksten Entgiftungskr\u00e4utern der Welt hergestellt und ist eine 100% nat\u00fcrliche Routine f\u00fcr eine tiefgreifende Reinigung und bessere Gesundheit in 2 Wochen.<\/p>\n","protected":false},"featured_media":7935,"comment_status":"open","ping_status":"closed","template":"","meta":[],"product_cat":[65,44],"product_tag":[],"bundle_layout":"","bundled_by":[],"bundled_items":[],"yoast_head":"<!-- This site is optimized with the Yoast SEO plugin v22.0 - https:\/\/yoast.com\/wordpress\/plugins\/seo\/ -->\n<title>Detox Tea - \u0422heFitBody - 14-Tage-Programm<\/title>\n<meta name=\"description\" content=\"FitBody Detox Tea ist der nat\u00fcrlichste und ges\u00fcndeste Weg, deinen K\u00f6rper von Giftstoffen zu befreien. Mach deinen K\u00f6rper sauber und schlank.\" \/>\n<meta name=\"robots\" content=\"index, follow, max-snippet:-1, max-image-preview:large, max-video-preview:-1\" \/>\n<link rel=\"canonical\" href=\"https:\/\/www.thefitbody.eu\/de\/product\/detox-tea-2\/\" \/>\n<meta property=\"og:locale\" content=\"de_DE\" \/>\n<meta property=\"og:type\" content=\"article\" \/>\n<meta property=\"og:title\" content=\"Detox Tea - \u0422heFitBody - 14-Tage-Programm\" \/>\n<meta property=\"og:description\" content=\"FitBody Detox Tea ist der nat\u00fcrlichste und ges\u00fcndeste Weg, deinen K\u00f6rper von Giftstoffen zu befreien. Mach deinen K\u00f6rper sauber und schlank.\" \/>\n<meta property=\"og:url\" content=\"https:\/\/www.thefitbody.eu\/de\/product\/detox-tea-2\/\" \/>\n<meta property=\"og:site_name\" content=\"TheFitbody Deutschland\" \/>\n<meta property=\"article:modified_time\" content=\"2022-07-29T06:26:02+00:00\" \/>\n<meta property=\"og:image\" content=\"https:\/\/www.thefitbody.eu\/de\/wp-content\/uploads\/sites\/14\/2021\/12\/fit-body-detox-tea-14-days-prooduct-image-600x600-1.png\" \/>\n\t<meta property=\"og:image:width\" content=\"600\" \/>\n\t<meta property=\"og:image:height\" content=\"600\" \/>\n\t<meta property=\"og:image:type\" content=\"image\/png\" \/>\n<meta name=\"twitter:card\" content=\"summary_large_image\" \/>\n<script type=\"application\/ld+json\" class=\"yoast-schema-graph\">{\"@context\":\"https:\/\/schema.org\",\"@graph\":[{\"@type\":\"WebPage\",\"@id\":\"https:\/\/www.thefitbody.eu\/de\/product\/detox-tea-2\/\",\"url\":\"https:\/\/www.thefitbody.eu\/de\/product\/detox-tea-2\/\",\"name\":\"Detox Tea - \u0422heFitBody - 14-Tage-Programm\",\"isPartOf\":{\"@id\":\"https:\/\/www.thefitbody.eu\/de\/#website\"},\"datePublished\":\"2021-05-03T10:59:59+00:00\",\"dateModified\":\"2022-07-29T06:26:02+00:00\",\"description\":\"FitBody Detox Tea ist der nat\u00fcrlichste und ges\u00fcndeste Weg, deinen K\u00f6rper von Giftstoffen zu befreien. Mach deinen K\u00f6rper sauber und schlank.\",\"breadcrumb\":{\"@id\":\"https:\/\/www.thefitbody.eu\/de\/product\/detox-tea-2\/#breadcrumb\"},\"inLanguage\":\"de\",\"potentialAction\":[{\"@type\":\"ReadAction\",\"target\":[\"https:\/\/www.thefitbody.eu\/de\/product\/detox-tea-2\/\"]}]},{\"@type\":\"BreadcrumbList\",\"@id\":\"https:\/\/www.thefitbody.eu\/de\/product\/detox-tea-2\/#breadcrumb\",\"itemListElement\":[{\"@type\":\"ListItem\",\"position\":1,\"name\":\"Home\",\"item\":\"https:\/\/www.thefitbody.eu\/de\/\"},{\"@type\":\"ListItem\",\"position\":2,\"name\":\"Shop\",\"item\":\"https:\/\/www.thefitbody.eu\/de\/shop\/\"},{\"@type\":\"ListItem\",\"position\":3,\"name\":\"DETOX TEA\"}]},{\"@type\":\"WebSite\",\"@id\":\"https:\/\/www.thefitbody.eu\/de\/#website\",\"url\":\"https:\/\/www.thefitbody.eu\/de\/\",\"name\":\"TheFitbody Deutschland\",\"description\":\"Entfessle das wahre Potenzial deines K\u00f6rpers\",\"publisher\":{\"@id\":\"https:\/\/www.thefitbody.eu\/de\/#organization\"},\"potentialAction\":[{\"@type\":\"SearchAction\",\"target\":{\"@type\":\"EntryPoint\",\"urlTemplate\":\"https:\/\/www.thefitbody.eu\/de\/?s={search_term_string}\"},\"query-input\":\"required name=search_term_string\"}],\"inLanguage\":\"de\"},{\"@type\":\"Organization\",\"@id\":\"https:\/\/www.thefitbody.eu\/de\/#organization\",\"name\":\"FitBody\",\"url\":\"https:\/\/www.thefitbody.eu\/de\/\",\"logo\":{\"@type\":\"ImageObject\",\"inLanguage\":\"de\",\"@id\":\"https:\/\/www.thefitbody.eu\/de\/#\/schema\/logo\/image\/\",\"url\":\"https:\/\/www.thefitbody.eu\/de\/wp-content\/uploads\/sites\/14\/2022\/01\/index-banner-D-BG-2.jpg\",\"contentUrl\":\"https:\/\/www.thefitbody.eu\/de\/wp-content\/uploads\/sites\/14\/2022\/01\/index-banner-D-BG-2.jpg\",\"width\":1920,\"height\":700,\"caption\":\"FitBody\"},\"image\":{\"@id\":\"https:\/\/www.thefitbody.eu\/de\/#\/schema\/logo\/image\/\"}}]}<\/script>\n<!-- \/ Yoast SEO plugin. -->","yoast_head_json":{"title":"Detox Tea - \u0422heFitBody - 14-Tage-Programm","description":"FitBody Detox Tea ist der nat\u00fcrlichste und ges\u00fcndeste Weg, deinen K\u00f6rper von Giftstoffen zu befreien. Mach deinen K\u00f6rper sauber und schlank.","robots":{"index":"index","follow":"follow","max-snippet":"max-snippet:-1","max-image-preview":"max-image-preview:large","max-video-preview":"max-video-preview:-1"},"canonical":"https:\/\/www.thefitbody.eu\/de\/product\/detox-tea-2\/","og_locale":"de_DE","og_type":"article","og_title":"Detox Tea - \u0422heFitBody - 14-Tage-Programm","og_description":"FitBody Detox Tea ist der nat\u00fcrlichste und ges\u00fcndeste Weg, deinen K\u00f6rper von Giftstoffen zu befreien. Mach deinen K\u00f6rper sauber und schlank.","og_url":"https:\/\/www.thefitbody.eu\/de\/product\/detox-tea-2\/","og_site_name":"TheFitbody Deutschland","article_modified_time":"2022-07-29T06:26:02+00:00","og_image":[{"width":600,"height":600,"url":"https:\/\/www.thefitbody.eu\/de\/wp-content\/uploads\/sites\/14\/2021\/12\/fit-body-detox-tea-14-days-prooduct-image-600x600-1.png","type":"image\/png"}],"twitter_card":"summary_large_image","schema":{"@context":"https:\/\/schema.org","@graph":[{"@type":"WebPage","@id":"https:\/\/www.thefitbody.eu\/de\/product\/detox-tea-2\/","url":"https:\/\/www.thefitbody.eu\/de\/product\/detox-tea-2\/","name":"Detox Tea - \u0422heFitBody - 14-Tage-Programm","isPartOf":{"@id":"https:\/\/www.thefitbody.eu\/de\/#website"},"datePublished":"2021-05-03T10:59:59+00:00","dateModified":"2022-07-29T06:26:02+00:00","description":"FitBody Detox Tea ist der nat\u00fcrlichste und ges\u00fcndeste Weg, deinen K\u00f6rper von Giftstoffen zu befreien. Mach deinen K\u00f6rper sauber und schlank.","breadcrumb":{"@id":"https:\/\/www.thefitbody.eu\/de\/product\/detox-tea-2\/#breadcrumb"},"inLanguage":"de","potentialAction":[{"@type":"ReadAction","target":["https:\/\/www.thefitbody.eu\/de\/product\/detox-tea-2\/"]}]},{"@type":"BreadcrumbList","@id":"https:\/\/www.thefitbody.eu\/de\/product\/detox-tea-2\/#breadcrumb","itemListElement":[{"@type":"ListItem","position":1,"name":"Home","item":"https:\/\/www.thefitbody.eu\/de\/"},{"@type":"ListItem","position":2,"name":"Shop","item":"https:\/\/www.thefitbody.eu\/de\/shop\/"},{"@type":"ListItem","position":3,"name":"DETOX TEA"}]},{"@type":"WebSite","@id":"https:\/\/www.thefitbody.eu\/de\/#website","url":"https:\/\/www.thefitbody.eu\/de\/","name":"TheFitbody Deutschland","description":"Entfessle das wahre Potenzial deines K\u00f6rpers","publisher":{"@id":"https:\/\/www.thefitbody.eu\/de\/#organization"},"potentialAction":[{"@type":"SearchAction","target":{"@type":"EntryPoint","urlTemplate":"https:\/\/www.thefitbody.eu\/de\/?s={search_term_string}"},"query-input":"required name=search_term_string"}],"inLanguage":"de"},{"@type":"Organization","@id":"https:\/\/www.thefitbody.eu\/de\/#organization","name":"FitBody","url":"https:\/\/www.thefitbody.eu\/de\/","logo":{"@type":"ImageObject","inLanguage":"de","@id":"https:\/\/www.thefitbody.eu\/de\/#\/schema\/logo\/image\/","url":"https:\/\/www.thefitbody.eu\/de\/wp-content\/uploads\/sites\/14\/2022\/01\/index-banner-D-BG-2.jpg","contentUrl":"https:\/\/www.thefitbody.eu\/de\/wp-content\/uploads\/sites\/14\/2022\/01\/index-banner-D-BG-2.jpg","width":1920,"height":700,"caption":"FitBody"},"image":{"@id":"https:\/\/www.thefitbody.eu\/de\/#\/schema\/logo\/image\/"}}]}},"_links":{"self":[{"href":"https:\/\/www.thefitbody.eu\/de\/wp-json\/wp\/v2\/product\/7934"}],"collection":[{"href":"https:\/\/www.thefitbody.eu\/de\/wp-json\/wp\/v2\/product"}],"about":[{"href":"https:\/\/www.thefitbody.eu\/de\/wp-json\/wp\/v2\/types\/product"}],"replies":[{"embeddable":true,"href":"https:\/\/www.thefitbody.eu\/de\/wp-json\/wp\/v2\/comments?post=7934"}],"wp:featuredmedia":[{"embeddable":true,"href":"https:\/\/www.thefitbody.eu\/de\/wp-json\/wp\/v2\/media\/7935"}],"wp:attachment":[{"href":"https:\/\/www.thefitbody.eu\/de\/wp-json\/wp\/v2\/media?parent=7934"}],"wp:term":[{"taxonomy":"product_cat","embeddable":true,"href":"https:\/\/www.thefitbody.eu\/de\/wp-json\/wp\/v2\/product_cat?post=7934"},{"taxonomy":"product_tag","embeddable":true,"href":"https:\/\/www.thefitbody.eu\/de\/wp-json\/wp\/v2\/product_tag?post=7934"}],"curies":[{"name":"wp","href":"https:\/\/api.w.org\/{rel}","templated":true}]}}