{"id":7928,"date":"2021-01-03T13:57:21","date_gmt":"2021-01-03T11:57:21","guid":{"rendered":"https:\/\/thefitbody.eu\/en\/?post_type=product&#038;p=7928"},"modified":"2022-07-29T13:22:38","modified_gmt":"2022-07-29T10:22:38","slug":"power-tea-2","status":"publish","type":"product","link":"https:\/\/www.thefitbody.eu\/de\/product\/power-tea-2\/","title":{"rendered":"POWER TEA"},"excerpt":{"rendered":"<p><strong>Power Tea ist die ultimative L\u00f6sung f\u00fcr jeden Mann, der sein Spiel auf die n\u00e4chste Stufe bringen will.<\/strong><\/p>\n<p>Eine fortschrittliche Formel f\u00fcr M\u00e4nner, die die Muskelkraft erh\u00f6ht, das Testosteron stimuliert und die Erholungszeit verbessert. FitBody Power ist ein 100% nat\u00fcrlicher Gesundheits-Booster, angereichert mit den Kr\u00e4utern Damiana, Bindi und Mate &#8211; die das volle Potenzial des m\u00e4nnlichen K\u00f6rpers freisetzen, um H\u00f6chstleistungen zu erbringen. Baue mehr Kraft auf und trainiere bis zum Maximum &#8211; auch \u00fcber l\u00e4ngere Zeitr\u00e4ume. Sp\u00fcre die Kraft der Natur und sprenge deine eigenen Grenzen &#8211; bei allem, was du tust. Keine zugesetzten Chemikalien oder k\u00fcnstlichen Stimulanzien.<\/p>\n","protected":false},"featured_media":7929,"comment_status":"open","ping_status":"closed","template":"","meta":[],"product_cat":[68,44],"product_tag":[],"bundle_layout":"","bundled_by":[],"bundled_items":[],"yoast_head":"<!-- This site is optimized with the Yoast SEO plugin v22.0 - https:\/\/yoast.com\/wordpress\/plugins\/seo\/ -->\n<title>Power Tea - \u0422heFitBody - 14-Tage-Programm<\/title>\n<meta name=\"description\" content=\"FitBody Power Tea ist ein 100% nat\u00fcrlicher Gesundheits-Booster, angereichert mit den Kr\u00e4utern Damiana, Bindi und Mate.\" \/>\n<meta name=\"robots\" content=\"index, follow, max-snippet:-1, max-image-preview:large, max-video-preview:-1\" \/>\n<link rel=\"canonical\" href=\"https:\/\/www.thefitbody.eu\/de\/product\/power-tea-2\/\" \/>\n<meta property=\"og:locale\" content=\"de_DE\" \/>\n<meta property=\"og:type\" content=\"article\" \/>\n<meta property=\"og:title\" content=\"Power Tea - \u0422heFitBody - 14-Tage-Programm\" \/>\n<meta property=\"og:description\" content=\"FitBody Power Tea ist ein 100% nat\u00fcrlicher Gesundheits-Booster, angereichert mit den Kr\u00e4utern Damiana, Bindi und Mate.\" \/>\n<meta property=\"og:url\" content=\"https:\/\/www.thefitbody.eu\/de\/product\/power-tea-2\/\" \/>\n<meta property=\"og:site_name\" content=\"TheFitbody Deutschland\" \/>\n<meta property=\"article:modified_time\" content=\"2022-07-29T10:22:38+00:00\" \/>\n<meta property=\"og:image\" content=\"https:\/\/www.thefitbody.eu\/de\/wp-content\/uploads\/sites\/14\/2021\/12\/fit-body-power-tea-14-days-prooduct-image-600x600-1.png\" \/>\n\t<meta property=\"og:image:width\" content=\"600\" \/>\n\t<meta property=\"og:image:height\" content=\"600\" \/>\n\t<meta property=\"og:image:type\" content=\"image\/png\" \/>\n<meta name=\"twitter:card\" content=\"summary_large_image\" \/>\n<script type=\"application\/ld+json\" class=\"yoast-schema-graph\">{\"@context\":\"https:\/\/schema.org\",\"@graph\":[{\"@type\":\"WebPage\",\"@id\":\"https:\/\/www.thefitbody.eu\/de\/product\/power-tea-2\/\",\"url\":\"https:\/\/www.thefitbody.eu\/de\/product\/power-tea-2\/\",\"name\":\"Power Tea - \u0422heFitBody - 14-Tage-Programm\",\"isPartOf\":{\"@id\":\"https:\/\/www.thefitbody.eu\/de\/#website\"},\"datePublished\":\"2021-01-03T11:57:21+00:00\",\"dateModified\":\"2022-07-29T10:22:38+00:00\",\"description\":\"FitBody Power Tea ist ein 100% nat\u00fcrlicher Gesundheits-Booster, angereichert mit den Kr\u00e4utern Damiana, Bindi und Mate.\",\"breadcrumb\":{\"@id\":\"https:\/\/www.thefitbody.eu\/de\/product\/power-tea-2\/#breadcrumb\"},\"inLanguage\":\"de\",\"potentialAction\":[{\"@type\":\"ReadAction\",\"target\":[\"https:\/\/www.thefitbody.eu\/de\/product\/power-tea-2\/\"]}]},{\"@type\":\"BreadcrumbList\",\"@id\":\"https:\/\/www.thefitbody.eu\/de\/product\/power-tea-2\/#breadcrumb\",\"itemListElement\":[{\"@type\":\"ListItem\",\"position\":1,\"name\":\"Home\",\"item\":\"https:\/\/www.thefitbody.eu\/de\/\"},{\"@type\":\"ListItem\",\"position\":2,\"name\":\"Shop\",\"item\":\"https:\/\/www.thefitbody.eu\/de\/shop\/\"},{\"@type\":\"ListItem\",\"position\":3,\"name\":\"POWER TEA\"}]},{\"@type\":\"WebSite\",\"@id\":\"https:\/\/www.thefitbody.eu\/de\/#website\",\"url\":\"https:\/\/www.thefitbody.eu\/de\/\",\"name\":\"TheFitbody Deutschland\",\"description\":\"Entfessle das wahre Potenzial deines K\u00f6rpers\",\"publisher\":{\"@id\":\"https:\/\/www.thefitbody.eu\/de\/#organization\"},\"potentialAction\":[{\"@type\":\"SearchAction\",\"target\":{\"@type\":\"EntryPoint\",\"urlTemplate\":\"https:\/\/www.thefitbody.eu\/de\/?s={search_term_string}\"},\"query-input\":\"required name=search_term_string\"}],\"inLanguage\":\"de\"},{\"@type\":\"Organization\",\"@id\":\"https:\/\/www.thefitbody.eu\/de\/#organization\",\"name\":\"FitBody\",\"url\":\"https:\/\/www.thefitbody.eu\/de\/\",\"logo\":{\"@type\":\"ImageObject\",\"inLanguage\":\"de\",\"@id\":\"https:\/\/www.thefitbody.eu\/de\/#\/schema\/logo\/image\/\",\"url\":\"https:\/\/www.thefitbody.eu\/de\/wp-content\/uploads\/sites\/14\/2022\/01\/index-banner-D-BG-2.jpg\",\"contentUrl\":\"https:\/\/www.thefitbody.eu\/de\/wp-content\/uploads\/sites\/14\/2022\/01\/index-banner-D-BG-2.jpg\",\"width\":1920,\"height\":700,\"caption\":\"FitBody\"},\"image\":{\"@id\":\"https:\/\/www.thefitbody.eu\/de\/#\/schema\/logo\/image\/\"}}]}<\/script>\n<!-- \/ Yoast SEO plugin. -->","yoast_head_json":{"title":"Power Tea - \u0422heFitBody - 14-Tage-Programm","description":"FitBody Power Tea ist ein 100% nat\u00fcrlicher Gesundheits-Booster, angereichert mit den Kr\u00e4utern Damiana, Bindi und Mate.","robots":{"index":"index","follow":"follow","max-snippet":"max-snippet:-1","max-image-preview":"max-image-preview:large","max-video-preview":"max-video-preview:-1"},"canonical":"https:\/\/www.thefitbody.eu\/de\/product\/power-tea-2\/","og_locale":"de_DE","og_type":"article","og_title":"Power Tea - \u0422heFitBody - 14-Tage-Programm","og_description":"FitBody Power Tea ist ein 100% nat\u00fcrlicher Gesundheits-Booster, angereichert mit den Kr\u00e4utern Damiana, Bindi und Mate.","og_url":"https:\/\/www.thefitbody.eu\/de\/product\/power-tea-2\/","og_site_name":"TheFitbody Deutschland","article_modified_time":"2022-07-29T10:22:38+00:00","og_image":[{"width":600,"height":600,"url":"https:\/\/www.thefitbody.eu\/de\/wp-content\/uploads\/sites\/14\/2021\/12\/fit-body-power-tea-14-days-prooduct-image-600x600-1.png","type":"image\/png"}],"twitter_card":"summary_large_image","schema":{"@context":"https:\/\/schema.org","@graph":[{"@type":"WebPage","@id":"https:\/\/www.thefitbody.eu\/de\/product\/power-tea-2\/","url":"https:\/\/www.thefitbody.eu\/de\/product\/power-tea-2\/","name":"Power Tea - \u0422heFitBody - 14-Tage-Programm","isPartOf":{"@id":"https:\/\/www.thefitbody.eu\/de\/#website"},"datePublished":"2021-01-03T11:57:21+00:00","dateModified":"2022-07-29T10:22:38+00:00","description":"FitBody Power Tea ist ein 100% nat\u00fcrlicher Gesundheits-Booster, angereichert mit den Kr\u00e4utern Damiana, Bindi und Mate.","breadcrumb":{"@id":"https:\/\/www.thefitbody.eu\/de\/product\/power-tea-2\/#breadcrumb"},"inLanguage":"de","potentialAction":[{"@type":"ReadAction","target":["https:\/\/www.thefitbody.eu\/de\/product\/power-tea-2\/"]}]},{"@type":"BreadcrumbList","@id":"https:\/\/www.thefitbody.eu\/de\/product\/power-tea-2\/#breadcrumb","itemListElement":[{"@type":"ListItem","position":1,"name":"Home","item":"https:\/\/www.thefitbody.eu\/de\/"},{"@type":"ListItem","position":2,"name":"Shop","item":"https:\/\/www.thefitbody.eu\/de\/shop\/"},{"@type":"ListItem","position":3,"name":"POWER TEA"}]},{"@type":"WebSite","@id":"https:\/\/www.thefitbody.eu\/de\/#website","url":"https:\/\/www.thefitbody.eu\/de\/","name":"TheFitbody Deutschland","description":"Entfessle das wahre Potenzial deines K\u00f6rpers","publisher":{"@id":"https:\/\/www.thefitbody.eu\/de\/#organization"},"potentialAction":[{"@type":"SearchAction","target":{"@type":"EntryPoint","urlTemplate":"https:\/\/www.thefitbody.eu\/de\/?s={search_term_string}"},"query-input":"required name=search_term_string"}],"inLanguage":"de"},{"@type":"Organization","@id":"https:\/\/www.thefitbody.eu\/de\/#organization","name":"FitBody","url":"https:\/\/www.thefitbody.eu\/de\/","logo":{"@type":"ImageObject","inLanguage":"de","@id":"https:\/\/www.thefitbody.eu\/de\/#\/schema\/logo\/image\/","url":"https:\/\/www.thefitbody.eu\/de\/wp-content\/uploads\/sites\/14\/2022\/01\/index-banner-D-BG-2.jpg","contentUrl":"https:\/\/www.thefitbody.eu\/de\/wp-content\/uploads\/sites\/14\/2022\/01\/index-banner-D-BG-2.jpg","width":1920,"height":700,"caption":"FitBody"},"image":{"@id":"https:\/\/www.thefitbody.eu\/de\/#\/schema\/logo\/image\/"}}]}},"_links":{"self":[{"href":"https:\/\/www.thefitbody.eu\/de\/wp-json\/wp\/v2\/product\/7928"}],"collection":[{"href":"https:\/\/www.thefitbody.eu\/de\/wp-json\/wp\/v2\/product"}],"about":[{"href":"https:\/\/www.thefitbody.eu\/de\/wp-json\/wp\/v2\/types\/product"}],"replies":[{"embeddable":true,"href":"https:\/\/www.thefitbody.eu\/de\/wp-json\/wp\/v2\/comments?post=7928"}],"wp:featuredmedia":[{"embeddable":true,"href":"https:\/\/www.thefitbody.eu\/de\/wp-json\/wp\/v2\/media\/7929"}],"wp:attachment":[{"href":"https:\/\/www.thefitbody.eu\/de\/wp-json\/wp\/v2\/media?parent=7928"}],"wp:term":[{"taxonomy":"product_cat","embeddable":true,"href":"https:\/\/www.thefitbody.eu\/de\/wp-json\/wp\/v2\/product_cat?post=7928"},{"taxonomy":"product_tag","embeddable":true,"href":"https:\/\/www.thefitbody.eu\/de\/wp-json\/wp\/v2\/product_tag?post=7928"}],"curies":[{"name":"wp","href":"https:\/\/api.w.org\/{rel}","templated":true}]}}