{"id":7921,"date":"2021-03-04T13:48:44","date_gmt":"2021-03-04T11:48:44","guid":{"rendered":"https:\/\/thefitbody.eu\/en\/?post_type=product&#038;p=7921"},"modified":"2022-07-29T09:41:50","modified_gmt":"2022-07-29T06:41:50","slug":"active-tea","status":"publish","type":"product","link":"https:\/\/www.thefitbody.eu\/de\/product\/active-tea\/","title":{"rendered":"ACTIVE TEA"},"excerpt":{"rendered":"<p><strong>FitBody Active ist die ultimative L\u00f6sung f\u00fcr alle, die einen nat\u00fcrlichen Energieschub suchen<\/strong><\/p>\n<p>Erlebe pure Energie, die deinen K\u00f6rper mit jedem Schluck aktiviert. Bek\u00e4mpfe die M\u00fcdigkeit und behalte den ganzen Tag \u00fcber einen scharfen Fokus f\u00fcr Spitzenleistungen. Erfrischend und belebend, FitBody Active ist die nat\u00fcrlichste Energiequelle f\u00fcr deine Aktivit\u00e4ten und Abenteuer<\/p>\n","protected":false},"featured_media":7922,"comment_status":"open","ping_status":"closed","template":"","meta":[],"product_cat":[67,44],"product_tag":[],"bundle_layout":"","bundled_by":[],"bundled_items":[],"yoast_head":"<!-- This site is optimized with the Yoast SEO plugin v22.0 - https:\/\/yoast.com\/wordpress\/plugins\/seo\/ -->\n<title>Active Tea - \u0422heFitBody - 28-Tage-Programm<\/title>\n<meta name=\"description\" content=\"Erfrischend und belebend, FitBody Active Tea ist die nat\u00fcrlichste Energiequelle f\u00fcr deine Aktivit\u00e4ten und Abenteuer.\" \/>\n<meta name=\"robots\" content=\"index, follow, max-snippet:-1, max-image-preview:large, max-video-preview:-1\" \/>\n<link rel=\"canonical\" href=\"https:\/\/www.thefitbody.eu\/de\/product\/active-tea\/\" \/>\n<meta property=\"og:locale\" content=\"de_DE\" \/>\n<meta property=\"og:type\" content=\"article\" \/>\n<meta property=\"og:title\" content=\"Active Tea - \u0422heFitBody - 28-Tage-Programm\" \/>\n<meta property=\"og:description\" content=\"Erfrischend und belebend, FitBody Active Tea ist die nat\u00fcrlichste Energiequelle f\u00fcr deine Aktivit\u00e4ten und Abenteuer.\" \/>\n<meta property=\"og:url\" content=\"https:\/\/www.thefitbody.eu\/de\/product\/active-tea\/\" \/>\n<meta property=\"og:site_name\" content=\"TheFitbody Deutschland\" \/>\n<meta property=\"article:modified_time\" content=\"2022-07-29T06:41:50+00:00\" \/>\n<meta property=\"og:image\" content=\"https:\/\/www.thefitbody.eu\/de\/wp-content\/uploads\/sites\/14\/2021\/12\/fit-body-active-tea-28-days-prooduct-image-600x600-1.png\" \/>\n\t<meta property=\"og:image:width\" content=\"600\" \/>\n\t<meta property=\"og:image:height\" content=\"600\" \/>\n\t<meta property=\"og:image:type\" content=\"image\/png\" \/>\n<meta name=\"twitter:card\" content=\"summary_large_image\" \/>\n<script type=\"application\/ld+json\" class=\"yoast-schema-graph\">{\"@context\":\"https:\/\/schema.org\",\"@graph\":[{\"@type\":\"WebPage\",\"@id\":\"https:\/\/www.thefitbody.eu\/de\/product\/active-tea\/\",\"url\":\"https:\/\/www.thefitbody.eu\/de\/product\/active-tea\/\",\"name\":\"Active Tea - \u0422heFitBody - 28-Tage-Programm\",\"isPartOf\":{\"@id\":\"https:\/\/www.thefitbody.eu\/de\/#website\"},\"datePublished\":\"2021-03-04T11:48:44+00:00\",\"dateModified\":\"2022-07-29T06:41:50+00:00\",\"description\":\"Erfrischend und belebend, FitBody Active Tea ist die nat\u00fcrlichste Energiequelle f\u00fcr deine Aktivit\u00e4ten und Abenteuer.\",\"breadcrumb\":{\"@id\":\"https:\/\/www.thefitbody.eu\/de\/product\/active-tea\/#breadcrumb\"},\"inLanguage\":\"de\",\"potentialAction\":[{\"@type\":\"ReadAction\",\"target\":[\"https:\/\/www.thefitbody.eu\/de\/product\/active-tea\/\"]}]},{\"@type\":\"BreadcrumbList\",\"@id\":\"https:\/\/www.thefitbody.eu\/de\/product\/active-tea\/#breadcrumb\",\"itemListElement\":[{\"@type\":\"ListItem\",\"position\":1,\"name\":\"Home\",\"item\":\"https:\/\/www.thefitbody.eu\/de\/\"},{\"@type\":\"ListItem\",\"position\":2,\"name\":\"Shop\",\"item\":\"https:\/\/www.thefitbody.eu\/de\/shop\/\"},{\"@type\":\"ListItem\",\"position\":3,\"name\":\"ACTIVE TEA\"}]},{\"@type\":\"WebSite\",\"@id\":\"https:\/\/www.thefitbody.eu\/de\/#website\",\"url\":\"https:\/\/www.thefitbody.eu\/de\/\",\"name\":\"TheFitbody Deutschland\",\"description\":\"Entfessle das wahre Potenzial deines K\u00f6rpers\",\"publisher\":{\"@id\":\"https:\/\/www.thefitbody.eu\/de\/#organization\"},\"potentialAction\":[{\"@type\":\"SearchAction\",\"target\":{\"@type\":\"EntryPoint\",\"urlTemplate\":\"https:\/\/www.thefitbody.eu\/de\/?s={search_term_string}\"},\"query-input\":\"required name=search_term_string\"}],\"inLanguage\":\"de\"},{\"@type\":\"Organization\",\"@id\":\"https:\/\/www.thefitbody.eu\/de\/#organization\",\"name\":\"FitBody\",\"url\":\"https:\/\/www.thefitbody.eu\/de\/\",\"logo\":{\"@type\":\"ImageObject\",\"inLanguage\":\"de\",\"@id\":\"https:\/\/www.thefitbody.eu\/de\/#\/schema\/logo\/image\/\",\"url\":\"https:\/\/www.thefitbody.eu\/de\/wp-content\/uploads\/sites\/14\/2022\/01\/index-banner-D-BG-2.jpg\",\"contentUrl\":\"https:\/\/www.thefitbody.eu\/de\/wp-content\/uploads\/sites\/14\/2022\/01\/index-banner-D-BG-2.jpg\",\"width\":1920,\"height\":700,\"caption\":\"FitBody\"},\"image\":{\"@id\":\"https:\/\/www.thefitbody.eu\/de\/#\/schema\/logo\/image\/\"}}]}<\/script>\n<!-- \/ Yoast SEO plugin. -->","yoast_head_json":{"title":"Active Tea - \u0422heFitBody - 28-Tage-Programm","description":"Erfrischend und belebend, FitBody Active Tea ist die nat\u00fcrlichste Energiequelle f\u00fcr deine Aktivit\u00e4ten und Abenteuer.","robots":{"index":"index","follow":"follow","max-snippet":"max-snippet:-1","max-image-preview":"max-image-preview:large","max-video-preview":"max-video-preview:-1"},"canonical":"https:\/\/www.thefitbody.eu\/de\/product\/active-tea\/","og_locale":"de_DE","og_type":"article","og_title":"Active Tea - \u0422heFitBody - 28-Tage-Programm","og_description":"Erfrischend und belebend, FitBody Active Tea ist die nat\u00fcrlichste Energiequelle f\u00fcr deine Aktivit\u00e4ten und Abenteuer.","og_url":"https:\/\/www.thefitbody.eu\/de\/product\/active-tea\/","og_site_name":"TheFitbody Deutschland","article_modified_time":"2022-07-29T06:41:50+00:00","og_image":[{"width":600,"height":600,"url":"https:\/\/www.thefitbody.eu\/de\/wp-content\/uploads\/sites\/14\/2021\/12\/fit-body-active-tea-28-days-prooduct-image-600x600-1.png","type":"image\/png"}],"twitter_card":"summary_large_image","schema":{"@context":"https:\/\/schema.org","@graph":[{"@type":"WebPage","@id":"https:\/\/www.thefitbody.eu\/de\/product\/active-tea\/","url":"https:\/\/www.thefitbody.eu\/de\/product\/active-tea\/","name":"Active Tea - \u0422heFitBody - 28-Tage-Programm","isPartOf":{"@id":"https:\/\/www.thefitbody.eu\/de\/#website"},"datePublished":"2021-03-04T11:48:44+00:00","dateModified":"2022-07-29T06:41:50+00:00","description":"Erfrischend und belebend, FitBody Active Tea ist die nat\u00fcrlichste Energiequelle f\u00fcr deine Aktivit\u00e4ten und Abenteuer.","breadcrumb":{"@id":"https:\/\/www.thefitbody.eu\/de\/product\/active-tea\/#breadcrumb"},"inLanguage":"de","potentialAction":[{"@type":"ReadAction","target":["https:\/\/www.thefitbody.eu\/de\/product\/active-tea\/"]}]},{"@type":"BreadcrumbList","@id":"https:\/\/www.thefitbody.eu\/de\/product\/active-tea\/#breadcrumb","itemListElement":[{"@type":"ListItem","position":1,"name":"Home","item":"https:\/\/www.thefitbody.eu\/de\/"},{"@type":"ListItem","position":2,"name":"Shop","item":"https:\/\/www.thefitbody.eu\/de\/shop\/"},{"@type":"ListItem","position":3,"name":"ACTIVE TEA"}]},{"@type":"WebSite","@id":"https:\/\/www.thefitbody.eu\/de\/#website","url":"https:\/\/www.thefitbody.eu\/de\/","name":"TheFitbody Deutschland","description":"Entfessle das wahre Potenzial deines K\u00f6rpers","publisher":{"@id":"https:\/\/www.thefitbody.eu\/de\/#organization"},"potentialAction":[{"@type":"SearchAction","target":{"@type":"EntryPoint","urlTemplate":"https:\/\/www.thefitbody.eu\/de\/?s={search_term_string}"},"query-input":"required name=search_term_string"}],"inLanguage":"de"},{"@type":"Organization","@id":"https:\/\/www.thefitbody.eu\/de\/#organization","name":"FitBody","url":"https:\/\/www.thefitbody.eu\/de\/","logo":{"@type":"ImageObject","inLanguage":"de","@id":"https:\/\/www.thefitbody.eu\/de\/#\/schema\/logo\/image\/","url":"https:\/\/www.thefitbody.eu\/de\/wp-content\/uploads\/sites\/14\/2022\/01\/index-banner-D-BG-2.jpg","contentUrl":"https:\/\/www.thefitbody.eu\/de\/wp-content\/uploads\/sites\/14\/2022\/01\/index-banner-D-BG-2.jpg","width":1920,"height":700,"caption":"FitBody"},"image":{"@id":"https:\/\/www.thefitbody.eu\/de\/#\/schema\/logo\/image\/"}}]}},"_links":{"self":[{"href":"https:\/\/www.thefitbody.eu\/de\/wp-json\/wp\/v2\/product\/7921"}],"collection":[{"href":"https:\/\/www.thefitbody.eu\/de\/wp-json\/wp\/v2\/product"}],"about":[{"href":"https:\/\/www.thefitbody.eu\/de\/wp-json\/wp\/v2\/types\/product"}],"replies":[{"embeddable":true,"href":"https:\/\/www.thefitbody.eu\/de\/wp-json\/wp\/v2\/comments?post=7921"}],"wp:featuredmedia":[{"embeddable":true,"href":"https:\/\/www.thefitbody.eu\/de\/wp-json\/wp\/v2\/media\/7922"}],"wp:attachment":[{"href":"https:\/\/www.thefitbody.eu\/de\/wp-json\/wp\/v2\/media?parent=7921"}],"wp:term":[{"taxonomy":"product_cat","embeddable":true,"href":"https:\/\/www.thefitbody.eu\/de\/wp-json\/wp\/v2\/product_cat?post=7921"},{"taxonomy":"product_tag","embeddable":true,"href":"https:\/\/www.thefitbody.eu\/de\/wp-json\/wp\/v2\/product_tag?post=7921"}],"curies":[{"name":"wp","href":"https:\/\/api.w.org\/{rel}","templated":true}]}}