{"id":9277,"date":"2022-05-01T14:25:59","date_gmt":"2022-05-01T11:25:59","guid":{"rendered":"https:\/\/www.thefitbody.eu\/cz\/?post_type=product&#038;p=9277"},"modified":"2022-07-25T15:48:34","modified_gmt":"2022-07-25T12:48:34","slug":"extreme-mans-power-28","status":"publish","type":"product","link":"https:\/\/www.thefitbody.eu\/cz\/product\/extreme-mans-power-28\/","title":{"rendered":"EXTREME MAN&#8217;S POWER 28"},"excerpt":{"rendered":"<p><strong>EXTREME MAN&#8217;S POWER<\/strong><\/p>\n<p>Kombinace, kter\u00e1 spolupracuje pro hlubokou detoxikaci a zlep\u0161en\u00ed energetick\u00e9 hladiny pro extr\u00e9mn\u00ed mu\u017eskou s\u00edlu!<\/p>\n","protected":false},"featured_media":9278,"comment_status":"open","ping_status":"closed","template":"","meta":[],"product_cat":[65,68,31],"product_tag":[],"bundle_layout":"","bundled_by":[],"bundled_items":[],"yoast_head":"<!-- This site is optimized with the Yoast SEO plugin v22.0 - https:\/\/yoast.com\/wordpress\/plugins\/seo\/ -->\n<title>EXTREME MAN&#039;S POWER 28 - Pro Extr\u00e9mn\u00ed Mu\u017eskou S\u00edlu - TheFitBody<\/title>\n<meta name=\"description\" content=\"EXTREME MAN&#039;S POWER - Kombinace, kter\u00e1 spolupracuje pro hlubokou detoxikaci a zlep\u0161en\u00ed energetick\u00e9 hladiny pro extr\u00e9mn\u00ed mu\u017eskou s\u00edlu!\" \/>\n<meta name=\"robots\" content=\"index, follow, max-snippet:-1, max-image-preview:large, max-video-preview:-1\" \/>\n<link rel=\"canonical\" href=\"https:\/\/www.thefitbody.eu\/cz\/product\/extreme-mans-power-28\/\" \/>\n<meta property=\"og:locale\" content=\"cs_CZ\" \/>\n<meta property=\"og:type\" content=\"article\" \/>\n<meta property=\"og:title\" content=\"EXTREME MAN&#039;S POWER 28 - Pro Extr\u00e9mn\u00ed Mu\u017eskou S\u00edlu - TheFitBody\" \/>\n<meta property=\"og:description\" content=\"EXTREME MAN&#039;S POWER - Kombinace, kter\u00e1 spolupracuje pro hlubokou detoxikaci a zlep\u0161en\u00ed energetick\u00e9 hladiny pro extr\u00e9mn\u00ed mu\u017eskou s\u00edlu!\" \/>\n<meta property=\"og:url\" content=\"https:\/\/www.thefitbody.eu\/cz\/product\/extreme-mans-power-28\/\" \/>\n<meta property=\"og:site_name\" content=\"Thefitbody Czech\" \/>\n<meta property=\"article:modified_time\" content=\"2022-07-25T12:48:34+00:00\" \/>\n<meta property=\"og:image\" content=\"https:\/\/www.thefitbody.eu\/cz\/wp-content\/uploads\/sites\/13\/2022\/05\/fit-body-prooduct-image-detox-power-14-days-6.png\" \/>\n\t<meta property=\"og:image:width\" content=\"600\" \/>\n\t<meta property=\"og:image:height\" content=\"600\" \/>\n\t<meta property=\"og:image:type\" content=\"image\/png\" \/>\n<meta name=\"twitter:card\" content=\"summary_large_image\" \/>\n<script type=\"application\/ld+json\" class=\"yoast-schema-graph\">{\"@context\":\"https:\/\/schema.org\",\"@graph\":[{\"@type\":\"WebPage\",\"@id\":\"https:\/\/www.thefitbody.eu\/cz\/product\/extreme-mans-power-28\/\",\"url\":\"https:\/\/www.thefitbody.eu\/cz\/product\/extreme-mans-power-28\/\",\"name\":\"EXTREME MAN'S POWER 28 - Pro Extr\u00e9mn\u00ed Mu\u017eskou S\u00edlu - TheFitBody\",\"isPartOf\":{\"@id\":\"https:\/\/www.thefitbody.eu\/cz\/#website\"},\"datePublished\":\"2022-05-01T11:25:59+00:00\",\"dateModified\":\"2022-07-25T12:48:34+00:00\",\"description\":\"EXTREME MAN'S POWER - Kombinace, kter\u00e1 spolupracuje pro hlubokou detoxikaci a zlep\u0161en\u00ed energetick\u00e9 hladiny pro extr\u00e9mn\u00ed mu\u017eskou s\u00edlu!\",\"breadcrumb\":{\"@id\":\"https:\/\/www.thefitbody.eu\/cz\/product\/extreme-mans-power-28\/#breadcrumb\"},\"inLanguage\":\"cs\",\"potentialAction\":[{\"@type\":\"ReadAction\",\"target\":[\"https:\/\/www.thefitbody.eu\/cz\/product\/extreme-mans-power-28\/\"]}]},{\"@type\":\"BreadcrumbList\",\"@id\":\"https:\/\/www.thefitbody.eu\/cz\/product\/extreme-mans-power-28\/#breadcrumb\",\"itemListElement\":[{\"@type\":\"ListItem\",\"position\":1,\"name\":\"Home\",\"item\":\"https:\/\/www.thefitbody.eu\/cz\/\"},{\"@type\":\"ListItem\",\"position\":2,\"name\":\"Shop\",\"item\":\"https:\/\/www.thefitbody.eu\/cz\/shop\/\"},{\"@type\":\"ListItem\",\"position\":3,\"name\":\"EXTREME MAN&#8217;S POWER 28\"}]},{\"@type\":\"WebSite\",\"@id\":\"https:\/\/www.thefitbody.eu\/cz\/#website\",\"url\":\"https:\/\/www.thefitbody.eu\/cz\/\",\"name\":\"Thefitbody Czech\",\"description\":\"TheFitBody nab\u00edz\u00ed p\u0159\u00edrodn\u00ed sm\u011bsi \u0161it\u00e9 na m\u00edru, vyvinut\u00e9 s ohledem na jednotlivce. Doprava Zdarma Nad 800 K\u010d!\",\"publisher\":{\"@id\":\"https:\/\/www.thefitbody.eu\/cz\/#organization\"},\"potentialAction\":[{\"@type\":\"SearchAction\",\"target\":{\"@type\":\"EntryPoint\",\"urlTemplate\":\"https:\/\/www.thefitbody.eu\/cz\/?s={search_term_string}\"},\"query-input\":\"required name=search_term_string\"}],\"inLanguage\":\"cs\"},{\"@type\":\"Organization\",\"@id\":\"https:\/\/www.thefitbody.eu\/cz\/#organization\",\"name\":\"FitBody\",\"url\":\"https:\/\/www.thefitbody.eu\/cz\/\",\"logo\":{\"@type\":\"ImageObject\",\"inLanguage\":\"cs\",\"@id\":\"https:\/\/www.thefitbody.eu\/cz\/#\/schema\/logo\/image\/\",\"url\":\"https:\/\/www.thefitbody.eu\/cz\/wp-content\/uploads\/sites\/13\/2022\/01\/index-banner-D-BG-2.jpg\",\"contentUrl\":\"https:\/\/www.thefitbody.eu\/cz\/wp-content\/uploads\/sites\/13\/2022\/01\/index-banner-D-BG-2.jpg\",\"width\":1920,\"height\":700,\"caption\":\"FitBody\"},\"image\":{\"@id\":\"https:\/\/www.thefitbody.eu\/cz\/#\/schema\/logo\/image\/\"}}]}<\/script>\n<!-- \/ Yoast SEO plugin. -->","yoast_head_json":{"title":"EXTREME MAN'S POWER 28 - Pro Extr\u00e9mn\u00ed Mu\u017eskou S\u00edlu - TheFitBody","description":"EXTREME MAN'S POWER - Kombinace, kter\u00e1 spolupracuje pro hlubokou detoxikaci a zlep\u0161en\u00ed energetick\u00e9 hladiny pro extr\u00e9mn\u00ed mu\u017eskou s\u00edlu!","robots":{"index":"index","follow":"follow","max-snippet":"max-snippet:-1","max-image-preview":"max-image-preview:large","max-video-preview":"max-video-preview:-1"},"canonical":"https:\/\/www.thefitbody.eu\/cz\/product\/extreme-mans-power-28\/","og_locale":"cs_CZ","og_type":"article","og_title":"EXTREME MAN'S POWER 28 - Pro Extr\u00e9mn\u00ed Mu\u017eskou S\u00edlu - TheFitBody","og_description":"EXTREME MAN'S POWER - Kombinace, kter\u00e1 spolupracuje pro hlubokou detoxikaci a zlep\u0161en\u00ed energetick\u00e9 hladiny pro extr\u00e9mn\u00ed mu\u017eskou s\u00edlu!","og_url":"https:\/\/www.thefitbody.eu\/cz\/product\/extreme-mans-power-28\/","og_site_name":"Thefitbody Czech","article_modified_time":"2022-07-25T12:48:34+00:00","og_image":[{"width":600,"height":600,"url":"https:\/\/www.thefitbody.eu\/cz\/wp-content\/uploads\/sites\/13\/2022\/05\/fit-body-prooduct-image-detox-power-14-days-6.png","type":"image\/png"}],"twitter_card":"summary_large_image","schema":{"@context":"https:\/\/schema.org","@graph":[{"@type":"WebPage","@id":"https:\/\/www.thefitbody.eu\/cz\/product\/extreme-mans-power-28\/","url":"https:\/\/www.thefitbody.eu\/cz\/product\/extreme-mans-power-28\/","name":"EXTREME MAN'S POWER 28 - Pro Extr\u00e9mn\u00ed Mu\u017eskou S\u00edlu - TheFitBody","isPartOf":{"@id":"https:\/\/www.thefitbody.eu\/cz\/#website"},"datePublished":"2022-05-01T11:25:59+00:00","dateModified":"2022-07-25T12:48:34+00:00","description":"EXTREME MAN'S POWER - Kombinace, kter\u00e1 spolupracuje pro hlubokou detoxikaci a zlep\u0161en\u00ed energetick\u00e9 hladiny pro extr\u00e9mn\u00ed mu\u017eskou s\u00edlu!","breadcrumb":{"@id":"https:\/\/www.thefitbody.eu\/cz\/product\/extreme-mans-power-28\/#breadcrumb"},"inLanguage":"cs","potentialAction":[{"@type":"ReadAction","target":["https:\/\/www.thefitbody.eu\/cz\/product\/extreme-mans-power-28\/"]}]},{"@type":"BreadcrumbList","@id":"https:\/\/www.thefitbody.eu\/cz\/product\/extreme-mans-power-28\/#breadcrumb","itemListElement":[{"@type":"ListItem","position":1,"name":"Home","item":"https:\/\/www.thefitbody.eu\/cz\/"},{"@type":"ListItem","position":2,"name":"Shop","item":"https:\/\/www.thefitbody.eu\/cz\/shop\/"},{"@type":"ListItem","position":3,"name":"EXTREME MAN&#8217;S POWER 28"}]},{"@type":"WebSite","@id":"https:\/\/www.thefitbody.eu\/cz\/#website","url":"https:\/\/www.thefitbody.eu\/cz\/","name":"Thefitbody Czech","description":"TheFitBody nab\u00edz\u00ed p\u0159\u00edrodn\u00ed sm\u011bsi \u0161it\u00e9 na m\u00edru, vyvinut\u00e9 s ohledem na jednotlivce. Doprava Zdarma Nad 800 K\u010d!","publisher":{"@id":"https:\/\/www.thefitbody.eu\/cz\/#organization"},"potentialAction":[{"@type":"SearchAction","target":{"@type":"EntryPoint","urlTemplate":"https:\/\/www.thefitbody.eu\/cz\/?s={search_term_string}"},"query-input":"required name=search_term_string"}],"inLanguage":"cs"},{"@type":"Organization","@id":"https:\/\/www.thefitbody.eu\/cz\/#organization","name":"FitBody","url":"https:\/\/www.thefitbody.eu\/cz\/","logo":{"@type":"ImageObject","inLanguage":"cs","@id":"https:\/\/www.thefitbody.eu\/cz\/#\/schema\/logo\/image\/","url":"https:\/\/www.thefitbody.eu\/cz\/wp-content\/uploads\/sites\/13\/2022\/01\/index-banner-D-BG-2.jpg","contentUrl":"https:\/\/www.thefitbody.eu\/cz\/wp-content\/uploads\/sites\/13\/2022\/01\/index-banner-D-BG-2.jpg","width":1920,"height":700,"caption":"FitBody"},"image":{"@id":"https:\/\/www.thefitbody.eu\/cz\/#\/schema\/logo\/image\/"}}]}},"_links":{"self":[{"href":"https:\/\/www.thefitbody.eu\/cz\/wp-json\/wp\/v2\/product\/9277"}],"collection":[{"href":"https:\/\/www.thefitbody.eu\/cz\/wp-json\/wp\/v2\/product"}],"about":[{"href":"https:\/\/www.thefitbody.eu\/cz\/wp-json\/wp\/v2\/types\/product"}],"replies":[{"embeddable":true,"href":"https:\/\/www.thefitbody.eu\/cz\/wp-json\/wp\/v2\/comments?post=9277"}],"wp:featuredmedia":[{"embeddable":true,"href":"https:\/\/www.thefitbody.eu\/cz\/wp-json\/wp\/v2\/media\/9278"}],"wp:attachment":[{"href":"https:\/\/www.thefitbody.eu\/cz\/wp-json\/wp\/v2\/media?parent=9277"}],"wp:term":[{"taxonomy":"product_cat","embeddable":true,"href":"https:\/\/www.thefitbody.eu\/cz\/wp-json\/wp\/v2\/product_cat?post=9277"},{"taxonomy":"product_tag","embeddable":true,"href":"https:\/\/www.thefitbody.eu\/cz\/wp-json\/wp\/v2\/product_tag?post=9277"}],"curies":[{"name":"wp","href":"https:\/\/api.w.org\/{rel}","templated":true}]}}