{"id":8872,"date":"2022-02-01T16:36:22","date_gmt":"2022-02-01T14:36:22","guid":{"rendered":"https:\/\/www.thefitbody.eu\/cz\/?post_type=product&#038;p=8872"},"modified":"2022-06-24T10:31:08","modified_gmt":"2022-06-24T07:31:08","slug":"orange-thermos","status":"publish","type":"product","link":"https:\/\/www.thefitbody.eu\/cz\/product\/orange-thermos\/","title":{"rendered":"ORAN\u017dOV\u00c1 TERMOSKA"},"excerpt":{"rendered":"<p><strong>\u0418\u0437\u0432\u043b\u0435\u0447\u0438 \u043c\u0430\u043a\u0441\u0438\u043c\u0430\u043b\u043d\u0438 \u043f\u043e\u043b\u0437\u0438 \u043e\u0442 \u0442\u0432\u043e\u044f\u0442 \u0431\u0438\u043b\u043a\u043e\u0432 \u0447\u0430\u0439 \u0438 \u0441\u0435 \u043d\u0430\u0441\u043b\u0430\u0434\u0438 \u043d\u0430 \u0434\u044a\u043b\u0433\u043e\u0442\u0440\u0430\u0439\u043d\u0430 \u0441\u0432\u0435\u0436\u0435\u0441\u0442 \u0438 \u0432\u043a\u0443\u0441<\/strong><\/p>\n<p>FitBody Thermos \u0435 \u0438\u0434\u0435\u0430\u043b\u043d\u0438\u044f\u0442 \u043d\u0430\u0447\u0438\u043d \u0434\u0430 \u043f\u043e\u0434\u0434\u044a\u0440\u0436\u0430\u0448 \u0442\u044f\u043b\u043e\u0442\u043e \u0441\u0438 \u0441\u0438\u043b\u043d\u043e \u0438 \u0445\u0438\u0434\u0440\u0430\u0442\u0438\u0440\u0430\u043d\u043e \u043f\u043e \u0432\u0441\u044f\u043a\u043e \u0432\u0440\u0435\u043c\u0435 \u0438 \u043d\u0430\u0432\u0441\u044f\u043a\u044a\u0434\u0435. \u0418\u0437\u0440\u0430\u0431\u043e\u0442\u0435\u043d \u043e\u0442 \u0432\u0438\u0441\u043e\u043a\u043e\u043a\u0430\u0447\u0435\u0441\u0442\u0432\u0435\u043d\u0430 \u043d\u0435\u0440\u044a\u0436\u0434\u0430\u0435\u043c\u0430 \u0441\u0442\u043e\u043c\u0430\u043d\u0430, FitBody \u0442\u0435\u0440\u043c\u043e\u0441\u0430 \u043f\u0440\u0435\u0434\u043f\u0430\u0437\u0432\u0430 \u043e\u0442 \u0438\u0437\u0442\u0438\u0447\u0430\u043d\u0435 \u0438\u043b\u0438 \u043a\u0430\u043f\u0435\u043d\u0435, \u0434\u043e\u043a\u0430\u0442\u043e \u0441\u0438 \u0432 \u0434\u0432\u0438\u0436\u0435\u043d\u0438\u0435. \u0415\u043b\u0435\u0433\u0430\u043d\u0442\u043d\u0438\u044f\u0442 \u0442\u0435\u0440\u043c\u043e\u0441 \u0449\u0435 \u043f\u043e\u0434\u0434\u044a\u0440\u0436\u0430 \u043d\u0430\u043f\u0438\u0442\u043a\u0430\u0442\u0430 \u0442\u0438 \u0433\u043e\u0440\u0435\u0449\u0430 \u0434\u043e 12 \u0447\u0430\u0441\u0430 \u0438\u043b\u0438 \u043b\u0435\u0434\u0435\u043d\u043e \u0441\u0442\u0443\u0434\u0435\u043d\u0430 \u0434\u043e 24 \u0447\u0430\u0441\u0430, \u0431\u043b\u0430\u0433\u043e\u0434\u0430\u0440\u0435\u043d\u0438\u0435 \u043d\u0430 \u0442\u0435\u0445\u043d\u043e\u043b\u043e\u0433\u0438\u044f\u0442\u0430 \u0437\u0430 \u0432\u0430\u043a\u0443\u0443\u043c\u043d\u0430 \u0438\u0437\u043e\u043b\u0430\u0446\u0438\u044f \u0441 \u0434\u0432\u043e\u0439\u043d\u0430 \u0441\u0442\u0435\u043d\u0430.<\/p>\n","protected":false},"featured_media":7947,"comment_status":"closed","ping_status":"closed","template":"","meta":[],"product_cat":[88,41],"product_tag":[],"bundle_layout":"","bundled_by":[],"bundled_items":[],"yoast_head":"<!-- This site is optimized with the Yoast SEO plugin v22.0 - https:\/\/yoast.com\/wordpress\/plugins\/seo\/ -->\n<title>ORAN\u017dOV\u00c1 TERMOSKA - Thefitbody Czech<\/title>\n<meta name=\"robots\" content=\"index, follow, max-snippet:-1, max-image-preview:large, max-video-preview:-1\" \/>\n<link rel=\"canonical\" href=\"https:\/\/www.thefitbody.eu\/cz\/product\/orange-thermos\/\" \/>\n<meta property=\"og:locale\" content=\"cs_CZ\" \/>\n<meta property=\"og:type\" content=\"article\" \/>\n<meta property=\"og:title\" content=\"ORAN\u017dOV\u00c1 TERMOSKA - Thefitbody Czech\" \/>\n<meta property=\"og:description\" content=\"\u0418\u0437\u0432\u043b\u0435\u0447\u0438 \u043c\u0430\u043a\u0441\u0438\u043c\u0430\u043b\u043d\u0438 \u043f\u043e\u043b\u0437\u0438 \u043e\u0442 \u0442\u0432\u043e\u044f\u0442 \u0431\u0438\u043b\u043a\u043e\u0432 \u0447\u0430\u0439 \u0438 \u0441\u0435 \u043d\u0430\u0441\u043b\u0430\u0434\u0438 \u043d\u0430 \u0434\u044a\u043b\u0433\u043e\u0442\u0440\u0430\u0439\u043d\u0430 \u0441\u0432\u0435\u0436\u0435\u0441\u0442 \u0438 \u0432\u043a\u0443\u0441  FitBody Thermos \u0435 \u0438\u0434\u0435\u0430\u043b\u043d\u0438\u044f\u0442 \u043d\u0430\u0447\u0438\u043d \u0434\u0430 \u043f\u043e\u0434\u0434\u044a\u0440\u0436\u0430\u0448 \u0442\u044f\u043b\u043e\u0442\u043e \u0441\u0438 \u0441\u0438\u043b\u043d\u043e \u0438 \u0445\u0438\u0434\u0440\u0430\u0442\u0438\u0440\u0430\u043d\u043e \u043f\u043e \u0432\u0441\u044f\u043a\u043e \u0432\u0440\u0435\u043c\u0435 \u0438 \u043d\u0430\u0432\u0441\u044f\u043a\u044a\u0434\u0435. \u0418\u0437\u0440\u0430\u0431\u043e\u0442\u0435\u043d \u043e\u0442 \u0432\u0438\u0441\u043e\u043a\u043e\u043a\u0430\u0447\u0435\u0441\u0442\u0432\u0435\u043d\u0430 \u043d\u0435\u0440\u044a\u0436\u0434\u0430\u0435\u043c\u0430 \u0441\u0442\u043e\u043c\u0430\u043d\u0430, FitBody \u0442\u0435\u0440\u043c\u043e\u0441\u0430 \u043f\u0440\u0435\u0434\u043f\u0430\u0437\u0432\u0430 \u043e\u0442 \u0438\u0437\u0442\u0438\u0447\u0430\u043d\u0435 \u0438\u043b\u0438 \u043a\u0430\u043f\u0435\u043d\u0435, \u0434\u043e\u043a\u0430\u0442\u043e \u0441\u0438 \u0432 \u0434\u0432\u0438\u0436\u0435\u043d\u0438\u0435. \u0415\u043b\u0435\u0433\u0430\u043d\u0442\u043d\u0438\u044f\u0442 \u0442\u0435\u0440\u043c\u043e\u0441 \u0449\u0435 \u043f\u043e\u0434\u0434\u044a\u0440\u0436\u0430 \u043d\u0430\u043f\u0438\u0442\u043a\u0430\u0442\u0430 \u0442\u0438 \u0433\u043e\u0440\u0435\u0449\u0430 \u0434\u043e 12 \u0447\u0430\u0441\u0430 \u0438\u043b\u0438 \u043b\u0435\u0434\u0435\u043d\u043e \u0441\u0442\u0443\u0434\u0435\u043d\u0430 \u0434\u043e 24 \u0447\u0430\u0441\u0430, \u0431\u043b\u0430\u0433\u043e\u0434\u0430\u0440\u0435\u043d\u0438\u0435 \u043d\u0430 \u0442\u0435\u0445\u043d\u043e\u043b\u043e\u0433\u0438\u044f\u0442\u0430 \u0437\u0430 \u0432\u0430\u043a\u0443\u0443\u043c\u043d\u0430 \u0438\u0437\u043e\u043b\u0430\u0446\u0438\u044f \u0441 \u0434\u0432\u043e\u0439\u043d\u0430 \u0441\u0442\u0435\u043d\u0430.\" \/>\n<meta property=\"og:url\" content=\"https:\/\/www.thefitbody.eu\/cz\/product\/orange-thermos\/\" \/>\n<meta property=\"og:site_name\" content=\"Thefitbody Czech\" \/>\n<meta property=\"article:modified_time\" content=\"2022-06-24T07:31:08+00:00\" \/>\n<meta property=\"og:image\" content=\"https:\/\/www.thefitbody.eu\/cz\/wp-content\/uploads\/sites\/13\/2021\/12\/fit-body-thermos-orange-1.png\" \/>\n\t<meta property=\"og:image:width\" content=\"600\" \/>\n\t<meta property=\"og:image:height\" content=\"600\" \/>\n\t<meta property=\"og:image:type\" content=\"image\/png\" \/>\n<meta name=\"twitter:card\" content=\"summary_large_image\" \/>\n<script type=\"application\/ld+json\" class=\"yoast-schema-graph\">{\"@context\":\"https:\/\/schema.org\",\"@graph\":[{\"@type\":\"WebPage\",\"@id\":\"https:\/\/www.thefitbody.eu\/cz\/product\/orange-thermos\/\",\"url\":\"https:\/\/www.thefitbody.eu\/cz\/product\/orange-thermos\/\",\"name\":\"ORAN\u017dOV\u00c1 TERMOSKA - Thefitbody Czech\",\"isPartOf\":{\"@id\":\"https:\/\/www.thefitbody.eu\/cz\/#website\"},\"datePublished\":\"2022-02-01T14:36:22+00:00\",\"dateModified\":\"2022-06-24T07:31:08+00:00\",\"breadcrumb\":{\"@id\":\"https:\/\/www.thefitbody.eu\/cz\/product\/orange-thermos\/#breadcrumb\"},\"inLanguage\":\"cs\",\"potentialAction\":[{\"@type\":\"ReadAction\",\"target\":[\"https:\/\/www.thefitbody.eu\/cz\/product\/orange-thermos\/\"]}]},{\"@type\":\"BreadcrumbList\",\"@id\":\"https:\/\/www.thefitbody.eu\/cz\/product\/orange-thermos\/#breadcrumb\",\"itemListElement\":[{\"@type\":\"ListItem\",\"position\":1,\"name\":\"Home\",\"item\":\"https:\/\/www.thefitbody.eu\/cz\/\"},{\"@type\":\"ListItem\",\"position\":2,\"name\":\"Shop\",\"item\":\"https:\/\/www.thefitbody.eu\/cz\/shop\/\"},{\"@type\":\"ListItem\",\"position\":3,\"name\":\"ORAN\u017dOV\u00c1 TERMOSKA\"}]},{\"@type\":\"WebSite\",\"@id\":\"https:\/\/www.thefitbody.eu\/cz\/#website\",\"url\":\"https:\/\/www.thefitbody.eu\/cz\/\",\"name\":\"Thefitbody Czech\",\"description\":\"TheFitBody nab\u00edz\u00ed p\u0159\u00edrodn\u00ed sm\u011bsi \u0161it\u00e9 na m\u00edru, vyvinut\u00e9 s ohledem na jednotlivce. Doprava Zdarma Nad 800 K\u010d!\",\"publisher\":{\"@id\":\"https:\/\/www.thefitbody.eu\/cz\/#organization\"},\"potentialAction\":[{\"@type\":\"SearchAction\",\"target\":{\"@type\":\"EntryPoint\",\"urlTemplate\":\"https:\/\/www.thefitbody.eu\/cz\/?s={search_term_string}\"},\"query-input\":\"required name=search_term_string\"}],\"inLanguage\":\"cs\"},{\"@type\":\"Organization\",\"@id\":\"https:\/\/www.thefitbody.eu\/cz\/#organization\",\"name\":\"FitBody\",\"url\":\"https:\/\/www.thefitbody.eu\/cz\/\",\"logo\":{\"@type\":\"ImageObject\",\"inLanguage\":\"cs\",\"@id\":\"https:\/\/www.thefitbody.eu\/cz\/#\/schema\/logo\/image\/\",\"url\":\"https:\/\/www.thefitbody.eu\/cz\/wp-content\/uploads\/sites\/13\/2022\/01\/index-banner-D-BG-2.jpg\",\"contentUrl\":\"https:\/\/www.thefitbody.eu\/cz\/wp-content\/uploads\/sites\/13\/2022\/01\/index-banner-D-BG-2.jpg\",\"width\":1920,\"height\":700,\"caption\":\"FitBody\"},\"image\":{\"@id\":\"https:\/\/www.thefitbody.eu\/cz\/#\/schema\/logo\/image\/\"}}]}<\/script>\n<!-- \/ Yoast SEO plugin. -->","yoast_head_json":{"title":"ORAN\u017dOV\u00c1 TERMOSKA - Thefitbody Czech","robots":{"index":"index","follow":"follow","max-snippet":"max-snippet:-1","max-image-preview":"max-image-preview:large","max-video-preview":"max-video-preview:-1"},"canonical":"https:\/\/www.thefitbody.eu\/cz\/product\/orange-thermos\/","og_locale":"cs_CZ","og_type":"article","og_title":"ORAN\u017dOV\u00c1 TERMOSKA - Thefitbody Czech","og_description":"\u0418\u0437\u0432\u043b\u0435\u0447\u0438 \u043c\u0430\u043a\u0441\u0438\u043c\u0430\u043b\u043d\u0438 \u043f\u043e\u043b\u0437\u0438 \u043e\u0442 \u0442\u0432\u043e\u044f\u0442 \u0431\u0438\u043b\u043a\u043e\u0432 \u0447\u0430\u0439 \u0438 \u0441\u0435 \u043d\u0430\u0441\u043b\u0430\u0434\u0438 \u043d\u0430 \u0434\u044a\u043b\u0433\u043e\u0442\u0440\u0430\u0439\u043d\u0430 \u0441\u0432\u0435\u0436\u0435\u0441\u0442 \u0438 \u0432\u043a\u0443\u0441  FitBody Thermos \u0435 \u0438\u0434\u0435\u0430\u043b\u043d\u0438\u044f\u0442 \u043d\u0430\u0447\u0438\u043d \u0434\u0430 \u043f\u043e\u0434\u0434\u044a\u0440\u0436\u0430\u0448 \u0442\u044f\u043b\u043e\u0442\u043e \u0441\u0438 \u0441\u0438\u043b\u043d\u043e \u0438 \u0445\u0438\u0434\u0440\u0430\u0442\u0438\u0440\u0430\u043d\u043e \u043f\u043e \u0432\u0441\u044f\u043a\u043e \u0432\u0440\u0435\u043c\u0435 \u0438 \u043d\u0430\u0432\u0441\u044f\u043a\u044a\u0434\u0435. \u0418\u0437\u0440\u0430\u0431\u043e\u0442\u0435\u043d \u043e\u0442 \u0432\u0438\u0441\u043e\u043a\u043e\u043a\u0430\u0447\u0435\u0441\u0442\u0432\u0435\u043d\u0430 \u043d\u0435\u0440\u044a\u0436\u0434\u0430\u0435\u043c\u0430 \u0441\u0442\u043e\u043c\u0430\u043d\u0430, FitBody \u0442\u0435\u0440\u043c\u043e\u0441\u0430 \u043f\u0440\u0435\u0434\u043f\u0430\u0437\u0432\u0430 \u043e\u0442 \u0438\u0437\u0442\u0438\u0447\u0430\u043d\u0435 \u0438\u043b\u0438 \u043a\u0430\u043f\u0435\u043d\u0435, \u0434\u043e\u043a\u0430\u0442\u043e \u0441\u0438 \u0432 \u0434\u0432\u0438\u0436\u0435\u043d\u0438\u0435. \u0415\u043b\u0435\u0433\u0430\u043d\u0442\u043d\u0438\u044f\u0442 \u0442\u0435\u0440\u043c\u043e\u0441 \u0449\u0435 \u043f\u043e\u0434\u0434\u044a\u0440\u0436\u0430 \u043d\u0430\u043f\u0438\u0442\u043a\u0430\u0442\u0430 \u0442\u0438 \u0433\u043e\u0440\u0435\u0449\u0430 \u0434\u043e 12 \u0447\u0430\u0441\u0430 \u0438\u043b\u0438 \u043b\u0435\u0434\u0435\u043d\u043e \u0441\u0442\u0443\u0434\u0435\u043d\u0430 \u0434\u043e 24 \u0447\u0430\u0441\u0430, \u0431\u043b\u0430\u0433\u043e\u0434\u0430\u0440\u0435\u043d\u0438\u0435 \u043d\u0430 \u0442\u0435\u0445\u043d\u043e\u043b\u043e\u0433\u0438\u044f\u0442\u0430 \u0437\u0430 \u0432\u0430\u043a\u0443\u0443\u043c\u043d\u0430 \u0438\u0437\u043e\u043b\u0430\u0446\u0438\u044f \u0441 \u0434\u0432\u043e\u0439\u043d\u0430 \u0441\u0442\u0435\u043d\u0430.","og_url":"https:\/\/www.thefitbody.eu\/cz\/product\/orange-thermos\/","og_site_name":"Thefitbody Czech","article_modified_time":"2022-06-24T07:31:08+00:00","og_image":[{"width":600,"height":600,"url":"https:\/\/www.thefitbody.eu\/cz\/wp-content\/uploads\/sites\/13\/2021\/12\/fit-body-thermos-orange-1.png","type":"image\/png"}],"twitter_card":"summary_large_image","schema":{"@context":"https:\/\/schema.org","@graph":[{"@type":"WebPage","@id":"https:\/\/www.thefitbody.eu\/cz\/product\/orange-thermos\/","url":"https:\/\/www.thefitbody.eu\/cz\/product\/orange-thermos\/","name":"ORAN\u017dOV\u00c1 TERMOSKA - Thefitbody Czech","isPartOf":{"@id":"https:\/\/www.thefitbody.eu\/cz\/#website"},"datePublished":"2022-02-01T14:36:22+00:00","dateModified":"2022-06-24T07:31:08+00:00","breadcrumb":{"@id":"https:\/\/www.thefitbody.eu\/cz\/product\/orange-thermos\/#breadcrumb"},"inLanguage":"cs","potentialAction":[{"@type":"ReadAction","target":["https:\/\/www.thefitbody.eu\/cz\/product\/orange-thermos\/"]}]},{"@type":"BreadcrumbList","@id":"https:\/\/www.thefitbody.eu\/cz\/product\/orange-thermos\/#breadcrumb","itemListElement":[{"@type":"ListItem","position":1,"name":"Home","item":"https:\/\/www.thefitbody.eu\/cz\/"},{"@type":"ListItem","position":2,"name":"Shop","item":"https:\/\/www.thefitbody.eu\/cz\/shop\/"},{"@type":"ListItem","position":3,"name":"ORAN\u017dOV\u00c1 TERMOSKA"}]},{"@type":"WebSite","@id":"https:\/\/www.thefitbody.eu\/cz\/#website","url":"https:\/\/www.thefitbody.eu\/cz\/","name":"Thefitbody Czech","description":"TheFitBody nab\u00edz\u00ed p\u0159\u00edrodn\u00ed sm\u011bsi \u0161it\u00e9 na m\u00edru, vyvinut\u00e9 s ohledem na jednotlivce. Doprava Zdarma Nad 800 K\u010d!","publisher":{"@id":"https:\/\/www.thefitbody.eu\/cz\/#organization"},"potentialAction":[{"@type":"SearchAction","target":{"@type":"EntryPoint","urlTemplate":"https:\/\/www.thefitbody.eu\/cz\/?s={search_term_string}"},"query-input":"required name=search_term_string"}],"inLanguage":"cs"},{"@type":"Organization","@id":"https:\/\/www.thefitbody.eu\/cz\/#organization","name":"FitBody","url":"https:\/\/www.thefitbody.eu\/cz\/","logo":{"@type":"ImageObject","inLanguage":"cs","@id":"https:\/\/www.thefitbody.eu\/cz\/#\/schema\/logo\/image\/","url":"https:\/\/www.thefitbody.eu\/cz\/wp-content\/uploads\/sites\/13\/2022\/01\/index-banner-D-BG-2.jpg","contentUrl":"https:\/\/www.thefitbody.eu\/cz\/wp-content\/uploads\/sites\/13\/2022\/01\/index-banner-D-BG-2.jpg","width":1920,"height":700,"caption":"FitBody"},"image":{"@id":"https:\/\/www.thefitbody.eu\/cz\/#\/schema\/logo\/image\/"}}]}},"_links":{"self":[{"href":"https:\/\/www.thefitbody.eu\/cz\/wp-json\/wp\/v2\/product\/8872"}],"collection":[{"href":"https:\/\/www.thefitbody.eu\/cz\/wp-json\/wp\/v2\/product"}],"about":[{"href":"https:\/\/www.thefitbody.eu\/cz\/wp-json\/wp\/v2\/types\/product"}],"replies":[{"embeddable":true,"href":"https:\/\/www.thefitbody.eu\/cz\/wp-json\/wp\/v2\/comments?post=8872"}],"wp:featuredmedia":[{"embeddable":true,"href":"https:\/\/www.thefitbody.eu\/cz\/wp-json\/wp\/v2\/media\/7947"}],"wp:attachment":[{"href":"https:\/\/www.thefitbody.eu\/cz\/wp-json\/wp\/v2\/media?parent=8872"}],"wp:term":[{"taxonomy":"product_cat","embeddable":true,"href":"https:\/\/www.thefitbody.eu\/cz\/wp-json\/wp\/v2\/product_cat?post=8872"},{"taxonomy":"product_tag","embeddable":true,"href":"https:\/\/www.thefitbody.eu\/cz\/wp-json\/wp\/v2\/product_tag?post=8872"}],"curies":[{"name":"wp","href":"https:\/\/api.w.org\/{rel}","templated":true}]}}