{"id":8292,"date":"2022-01-19T18:00:11","date_gmt":"2022-01-19T16:00:11","guid":{"rendered":"https:\/\/thefitbody.eu\/en\/?post_type=product&#038;p=8292"},"modified":"2022-07-05T09:30:12","modified_gmt":"2022-07-05T06:30:12","slug":"2xtea-bottle","status":"publish","type":"product","link":"https:\/\/www.thefitbody.eu\/cz\/product\/2xtea-bottle\/","title":{"rendered":"2\u0425 TEA + SKLEN\u011aN\u00c1 L\u00c1HEV"},"excerpt":{"rendered":"","protected":false},"featured_media":9064,"comment_status":"open","ping_status":"closed","template":"","meta":[],"product_cat":[120],"product_tag":[],"bundle_layout":"","bundled_by":[],"bundled_items":[],"yoast_head":"<!-- This site is optimized with the Yoast SEO plugin v22.0 - https:\/\/yoast.com\/wordpress\/plugins\/seo\/ -->\n<title>2\u0425 TEA + SKLEN\u011aN\u00c1 L\u00c1HEV - Thefitbody Czech<\/title>\n<meta name=\"robots\" content=\"index, follow, max-snippet:-1, max-image-preview:large, max-video-preview:-1\" \/>\n<link rel=\"canonical\" href=\"https:\/\/www.thefitbody.eu\/cz\/product\/2xtea-bottle\/\" \/>\n<meta property=\"og:locale\" content=\"cs_CZ\" \/>\n<meta property=\"og:type\" content=\"article\" \/>\n<meta property=\"og:title\" content=\"2\u0425 TEA + SKLEN\u011aN\u00c1 L\u00c1HEV - Thefitbody Czech\" \/>\n<meta property=\"og:url\" content=\"https:\/\/www.thefitbody.eu\/cz\/product\/2xtea-bottle\/\" \/>\n<meta property=\"og:site_name\" content=\"Thefitbody Czech\" \/>\n<meta property=\"article:modified_time\" content=\"2022-07-05T06:30:12+00:00\" \/>\n<meta property=\"og:image\" content=\"https:\/\/www.thefitbody.eu\/cz\/wp-content\/uploads\/sites\/13\/2022\/01\/2Tea-Bottle.png\" \/>\n\t<meta property=\"og:image:width\" content=\"600\" \/>\n\t<meta property=\"og:image:height\" content=\"600\" \/>\n\t<meta property=\"og:image:type\" content=\"image\/png\" \/>\n<meta name=\"twitter:card\" content=\"summary_large_image\" \/>\n<script type=\"application\/ld+json\" class=\"yoast-schema-graph\">{\"@context\":\"https:\/\/schema.org\",\"@graph\":[{\"@type\":\"WebPage\",\"@id\":\"https:\/\/www.thefitbody.eu\/cz\/product\/2xtea-bottle\/\",\"url\":\"https:\/\/www.thefitbody.eu\/cz\/product\/2xtea-bottle\/\",\"name\":\"2\u0425 TEA + SKLEN\u011aN\u00c1 L\u00c1HEV - Thefitbody Czech\",\"isPartOf\":{\"@id\":\"https:\/\/www.thefitbody.eu\/cz\/#website\"},\"datePublished\":\"2022-01-19T16:00:11+00:00\",\"dateModified\":\"2022-07-05T06:30:12+00:00\",\"breadcrumb\":{\"@id\":\"https:\/\/www.thefitbody.eu\/cz\/product\/2xtea-bottle\/#breadcrumb\"},\"inLanguage\":\"cs\",\"potentialAction\":[{\"@type\":\"ReadAction\",\"target\":[\"https:\/\/www.thefitbody.eu\/cz\/product\/2xtea-bottle\/\"]}]},{\"@type\":\"BreadcrumbList\",\"@id\":\"https:\/\/www.thefitbody.eu\/cz\/product\/2xtea-bottle\/#breadcrumb\",\"itemListElement\":[{\"@type\":\"ListItem\",\"position\":1,\"name\":\"Home\",\"item\":\"https:\/\/www.thefitbody.eu\/cz\/\"},{\"@type\":\"ListItem\",\"position\":2,\"name\":\"Shop\",\"item\":\"https:\/\/www.thefitbody.eu\/cz\/shop\/\"},{\"@type\":\"ListItem\",\"position\":3,\"name\":\"2\u0425 TEA + SKLEN\u011aN\u00c1 L\u00c1HEV\"}]},{\"@type\":\"WebSite\",\"@id\":\"https:\/\/www.thefitbody.eu\/cz\/#website\",\"url\":\"https:\/\/www.thefitbody.eu\/cz\/\",\"name\":\"Thefitbody Czech\",\"description\":\"TheFitBody nab\u00edz\u00ed p\u0159\u00edrodn\u00ed sm\u011bsi \u0161it\u00e9 na m\u00edru, vyvinut\u00e9 s ohledem na jednotlivce. Doprava Zdarma Nad 800 K\u010d!\",\"publisher\":{\"@id\":\"https:\/\/www.thefitbody.eu\/cz\/#organization\"},\"potentialAction\":[{\"@type\":\"SearchAction\",\"target\":{\"@type\":\"EntryPoint\",\"urlTemplate\":\"https:\/\/www.thefitbody.eu\/cz\/?s={search_term_string}\"},\"query-input\":\"required name=search_term_string\"}],\"inLanguage\":\"cs\"},{\"@type\":\"Organization\",\"@id\":\"https:\/\/www.thefitbody.eu\/cz\/#organization\",\"name\":\"FitBody\",\"url\":\"https:\/\/www.thefitbody.eu\/cz\/\",\"logo\":{\"@type\":\"ImageObject\",\"inLanguage\":\"cs\",\"@id\":\"https:\/\/www.thefitbody.eu\/cz\/#\/schema\/logo\/image\/\",\"url\":\"https:\/\/www.thefitbody.eu\/cz\/wp-content\/uploads\/sites\/13\/2022\/01\/index-banner-D-BG-2.jpg\",\"contentUrl\":\"https:\/\/www.thefitbody.eu\/cz\/wp-content\/uploads\/sites\/13\/2022\/01\/index-banner-D-BG-2.jpg\",\"width\":1920,\"height\":700,\"caption\":\"FitBody\"},\"image\":{\"@id\":\"https:\/\/www.thefitbody.eu\/cz\/#\/schema\/logo\/image\/\"}}]}<\/script>\n<!-- \/ Yoast SEO plugin. -->","yoast_head_json":{"title":"2\u0425 TEA + SKLEN\u011aN\u00c1 L\u00c1HEV - Thefitbody Czech","robots":{"index":"index","follow":"follow","max-snippet":"max-snippet:-1","max-image-preview":"max-image-preview:large","max-video-preview":"max-video-preview:-1"},"canonical":"https:\/\/www.thefitbody.eu\/cz\/product\/2xtea-bottle\/","og_locale":"cs_CZ","og_type":"article","og_title":"2\u0425 TEA + SKLEN\u011aN\u00c1 L\u00c1HEV - Thefitbody Czech","og_url":"https:\/\/www.thefitbody.eu\/cz\/product\/2xtea-bottle\/","og_site_name":"Thefitbody Czech","article_modified_time":"2022-07-05T06:30:12+00:00","og_image":[{"width":600,"height":600,"url":"https:\/\/www.thefitbody.eu\/cz\/wp-content\/uploads\/sites\/13\/2022\/01\/2Tea-Bottle.png","type":"image\/png"}],"twitter_card":"summary_large_image","schema":{"@context":"https:\/\/schema.org","@graph":[{"@type":"WebPage","@id":"https:\/\/www.thefitbody.eu\/cz\/product\/2xtea-bottle\/","url":"https:\/\/www.thefitbody.eu\/cz\/product\/2xtea-bottle\/","name":"2\u0425 TEA + SKLEN\u011aN\u00c1 L\u00c1HEV - Thefitbody Czech","isPartOf":{"@id":"https:\/\/www.thefitbody.eu\/cz\/#website"},"datePublished":"2022-01-19T16:00:11+00:00","dateModified":"2022-07-05T06:30:12+00:00","breadcrumb":{"@id":"https:\/\/www.thefitbody.eu\/cz\/product\/2xtea-bottle\/#breadcrumb"},"inLanguage":"cs","potentialAction":[{"@type":"ReadAction","target":["https:\/\/www.thefitbody.eu\/cz\/product\/2xtea-bottle\/"]}]},{"@type":"BreadcrumbList","@id":"https:\/\/www.thefitbody.eu\/cz\/product\/2xtea-bottle\/#breadcrumb","itemListElement":[{"@type":"ListItem","position":1,"name":"Home","item":"https:\/\/www.thefitbody.eu\/cz\/"},{"@type":"ListItem","position":2,"name":"Shop","item":"https:\/\/www.thefitbody.eu\/cz\/shop\/"},{"@type":"ListItem","position":3,"name":"2\u0425 TEA + SKLEN\u011aN\u00c1 L\u00c1HEV"}]},{"@type":"WebSite","@id":"https:\/\/www.thefitbody.eu\/cz\/#website","url":"https:\/\/www.thefitbody.eu\/cz\/","name":"Thefitbody Czech","description":"TheFitBody nab\u00edz\u00ed p\u0159\u00edrodn\u00ed sm\u011bsi \u0161it\u00e9 na m\u00edru, vyvinut\u00e9 s ohledem na jednotlivce. Doprava Zdarma Nad 800 K\u010d!","publisher":{"@id":"https:\/\/www.thefitbody.eu\/cz\/#organization"},"potentialAction":[{"@type":"SearchAction","target":{"@type":"EntryPoint","urlTemplate":"https:\/\/www.thefitbody.eu\/cz\/?s={search_term_string}"},"query-input":"required name=search_term_string"}],"inLanguage":"cs"},{"@type":"Organization","@id":"https:\/\/www.thefitbody.eu\/cz\/#organization","name":"FitBody","url":"https:\/\/www.thefitbody.eu\/cz\/","logo":{"@type":"ImageObject","inLanguage":"cs","@id":"https:\/\/www.thefitbody.eu\/cz\/#\/schema\/logo\/image\/","url":"https:\/\/www.thefitbody.eu\/cz\/wp-content\/uploads\/sites\/13\/2022\/01\/index-banner-D-BG-2.jpg","contentUrl":"https:\/\/www.thefitbody.eu\/cz\/wp-content\/uploads\/sites\/13\/2022\/01\/index-banner-D-BG-2.jpg","width":1920,"height":700,"caption":"FitBody"},"image":{"@id":"https:\/\/www.thefitbody.eu\/cz\/#\/schema\/logo\/image\/"}}]}},"_links":{"self":[{"href":"https:\/\/www.thefitbody.eu\/cz\/wp-json\/wp\/v2\/product\/8292"}],"collection":[{"href":"https:\/\/www.thefitbody.eu\/cz\/wp-json\/wp\/v2\/product"}],"about":[{"href":"https:\/\/www.thefitbody.eu\/cz\/wp-json\/wp\/v2\/types\/product"}],"replies":[{"embeddable":true,"href":"https:\/\/www.thefitbody.eu\/cz\/wp-json\/wp\/v2\/comments?post=8292"}],"wp:featuredmedia":[{"embeddable":true,"href":"https:\/\/www.thefitbody.eu\/cz\/wp-json\/wp\/v2\/media\/9064"}],"wp:attachment":[{"href":"https:\/\/www.thefitbody.eu\/cz\/wp-json\/wp\/v2\/media?parent=8292"}],"wp:term":[{"taxonomy":"product_cat","embeddable":true,"href":"https:\/\/www.thefitbody.eu\/cz\/wp-json\/wp\/v2\/product_cat?post=8292"},{"taxonomy":"product_tag","embeddable":true,"href":"https:\/\/www.thefitbody.eu\/cz\/wp-json\/wp\/v2\/product_tag?post=8292"}],"curies":[{"name":"wp","href":"https:\/\/api.w.org\/{rel}","templated":true}]}}