{"id":8155,"date":"2022-05-09T23:40:10","date_gmt":"2022-05-09T20:40:10","guid":{"rendered":"https:\/\/thefitbody.eu\/en\/?post_type=product&#038;p=8155"},"modified":"2022-07-19T10:42:41","modified_gmt":"2022-07-19T07:42:41","slug":"pure-boost-combo","status":"publish","type":"product","link":"https:\/\/www.thefitbody.eu\/cz\/product\/pure-boost-combo\/","title":{"rendered":"PURE BOOST COMBO"},"excerpt":{"rendered":"<p><strong>PURE BOOST COMBO<\/strong><\/p>\n<p>Nejlep\u0161\u00ed aktivn\u00ed detoxika\u010dn\u00ed slo\u017eky v kombinaci s \u010dist\u00fdmi energiz\u00e9ry. Aktivn\u00ed bylinn\u00fd komplex pro aktivn\u00ed \u017eeny a mu\u017ee.<\/p>\n","protected":false},"featured_media":8159,"comment_status":"open","ping_status":"closed","template":"","meta":[],"product_cat":[65,67,31],"product_tag":[],"bundle_layout":"","bundled_by":[],"bundled_items":[],"yoast_head":"<!-- This site is optimized with the Yoast SEO plugin v22.0 - https:\/\/yoast.com\/wordpress\/plugins\/seo\/ -->\n<title>PURE BOOST COMBO - Detox &amp; Active \u010caj - TheFitBody Czech<\/title>\n<meta name=\"description\" content=\"Nejlep\u0161\u00ed aktivn\u00ed detoxika\u010dn\u00ed slo\u017eky v kombinaci s \u010dist\u00fdmi energiz\u00e9ry. Aktivn\u00ed bylinn\u00fd komplex pro aktivn\u00ed \u017eeny a mu\u017ee.\" \/>\n<meta name=\"robots\" content=\"index, follow, max-snippet:-1, max-image-preview:large, max-video-preview:-1\" \/>\n<link rel=\"canonical\" href=\"https:\/\/www.thefitbody.eu\/cz\/product\/pure-boost-combo\/\" \/>\n<meta property=\"og:locale\" content=\"cs_CZ\" \/>\n<meta property=\"og:type\" content=\"article\" \/>\n<meta property=\"og:title\" content=\"PURE BOOST COMBO - Detox &amp; Active \u010caj - TheFitBody Czech\" \/>\n<meta property=\"og:description\" content=\"Nejlep\u0161\u00ed aktivn\u00ed detoxika\u010dn\u00ed slo\u017eky v kombinaci s \u010dist\u00fdmi energiz\u00e9ry. Aktivn\u00ed bylinn\u00fd komplex pro aktivn\u00ed \u017eeny a mu\u017ee.\" \/>\n<meta property=\"og:url\" content=\"https:\/\/www.thefitbody.eu\/cz\/product\/pure-boost-combo\/\" \/>\n<meta property=\"og:site_name\" content=\"Thefitbody Czech\" \/>\n<meta property=\"article:modified_time\" content=\"2022-07-19T07:42:41+00:00\" \/>\n<meta property=\"og:image\" content=\"https:\/\/www.thefitbody.eu\/cz\/wp-content\/uploads\/sites\/13\/2022\/01\/fit-body-prooduct-image-Active-Detox.png\" \/>\n\t<meta property=\"og:image:width\" content=\"600\" \/>\n\t<meta property=\"og:image:height\" content=\"600\" \/>\n\t<meta property=\"og:image:type\" content=\"image\/png\" \/>\n<meta name=\"twitter:card\" content=\"summary_large_image\" \/>\n<script type=\"application\/ld+json\" class=\"yoast-schema-graph\">{\"@context\":\"https:\/\/schema.org\",\"@graph\":[{\"@type\":\"WebPage\",\"@id\":\"https:\/\/www.thefitbody.eu\/cz\/product\/pure-boost-combo\/\",\"url\":\"https:\/\/www.thefitbody.eu\/cz\/product\/pure-boost-combo\/\",\"name\":\"PURE BOOST COMBO - Detox & Active \u010caj - TheFitBody Czech\",\"isPartOf\":{\"@id\":\"https:\/\/www.thefitbody.eu\/cz\/#website\"},\"datePublished\":\"2022-05-09T20:40:10+00:00\",\"dateModified\":\"2022-07-19T07:42:41+00:00\",\"description\":\"Nejlep\u0161\u00ed aktivn\u00ed detoxika\u010dn\u00ed slo\u017eky v kombinaci s \u010dist\u00fdmi energiz\u00e9ry. Aktivn\u00ed bylinn\u00fd komplex pro aktivn\u00ed \u017eeny a mu\u017ee.\",\"breadcrumb\":{\"@id\":\"https:\/\/www.thefitbody.eu\/cz\/product\/pure-boost-combo\/#breadcrumb\"},\"inLanguage\":\"cs\",\"potentialAction\":[{\"@type\":\"ReadAction\",\"target\":[\"https:\/\/www.thefitbody.eu\/cz\/product\/pure-boost-combo\/\"]}]},{\"@type\":\"BreadcrumbList\",\"@id\":\"https:\/\/www.thefitbody.eu\/cz\/product\/pure-boost-combo\/#breadcrumb\",\"itemListElement\":[{\"@type\":\"ListItem\",\"position\":1,\"name\":\"Home\",\"item\":\"https:\/\/www.thefitbody.eu\/cz\/\"},{\"@type\":\"ListItem\",\"position\":2,\"name\":\"Shop\",\"item\":\"https:\/\/www.thefitbody.eu\/cz\/shop\/\"},{\"@type\":\"ListItem\",\"position\":3,\"name\":\"PURE BOOST COMBO\"}]},{\"@type\":\"WebSite\",\"@id\":\"https:\/\/www.thefitbody.eu\/cz\/#website\",\"url\":\"https:\/\/www.thefitbody.eu\/cz\/\",\"name\":\"Thefitbody Czech\",\"description\":\"TheFitBody nab\u00edz\u00ed p\u0159\u00edrodn\u00ed sm\u011bsi \u0161it\u00e9 na m\u00edru, vyvinut\u00e9 s ohledem na jednotlivce. Doprava Zdarma Nad 800 K\u010d!\",\"publisher\":{\"@id\":\"https:\/\/www.thefitbody.eu\/cz\/#organization\"},\"potentialAction\":[{\"@type\":\"SearchAction\",\"target\":{\"@type\":\"EntryPoint\",\"urlTemplate\":\"https:\/\/www.thefitbody.eu\/cz\/?s={search_term_string}\"},\"query-input\":\"required name=search_term_string\"}],\"inLanguage\":\"cs\"},{\"@type\":\"Organization\",\"@id\":\"https:\/\/www.thefitbody.eu\/cz\/#organization\",\"name\":\"FitBody\",\"url\":\"https:\/\/www.thefitbody.eu\/cz\/\",\"logo\":{\"@type\":\"ImageObject\",\"inLanguage\":\"cs\",\"@id\":\"https:\/\/www.thefitbody.eu\/cz\/#\/schema\/logo\/image\/\",\"url\":\"https:\/\/www.thefitbody.eu\/cz\/wp-content\/uploads\/sites\/13\/2022\/01\/index-banner-D-BG-2.jpg\",\"contentUrl\":\"https:\/\/www.thefitbody.eu\/cz\/wp-content\/uploads\/sites\/13\/2022\/01\/index-banner-D-BG-2.jpg\",\"width\":1920,\"height\":700,\"caption\":\"FitBody\"},\"image\":{\"@id\":\"https:\/\/www.thefitbody.eu\/cz\/#\/schema\/logo\/image\/\"}}]}<\/script>\n<!-- \/ Yoast SEO plugin. -->","yoast_head_json":{"title":"PURE BOOST COMBO - Detox & Active \u010caj - TheFitBody Czech","description":"Nejlep\u0161\u00ed aktivn\u00ed detoxika\u010dn\u00ed slo\u017eky v kombinaci s \u010dist\u00fdmi energiz\u00e9ry. Aktivn\u00ed bylinn\u00fd komplex pro aktivn\u00ed \u017eeny a mu\u017ee.","robots":{"index":"index","follow":"follow","max-snippet":"max-snippet:-1","max-image-preview":"max-image-preview:large","max-video-preview":"max-video-preview:-1"},"canonical":"https:\/\/www.thefitbody.eu\/cz\/product\/pure-boost-combo\/","og_locale":"cs_CZ","og_type":"article","og_title":"PURE BOOST COMBO - Detox & Active \u010caj - TheFitBody Czech","og_description":"Nejlep\u0161\u00ed aktivn\u00ed detoxika\u010dn\u00ed slo\u017eky v kombinaci s \u010dist\u00fdmi energiz\u00e9ry. Aktivn\u00ed bylinn\u00fd komplex pro aktivn\u00ed \u017eeny a mu\u017ee.","og_url":"https:\/\/www.thefitbody.eu\/cz\/product\/pure-boost-combo\/","og_site_name":"Thefitbody Czech","article_modified_time":"2022-07-19T07:42:41+00:00","og_image":[{"width":600,"height":600,"url":"https:\/\/www.thefitbody.eu\/cz\/wp-content\/uploads\/sites\/13\/2022\/01\/fit-body-prooduct-image-Active-Detox.png","type":"image\/png"}],"twitter_card":"summary_large_image","schema":{"@context":"https:\/\/schema.org","@graph":[{"@type":"WebPage","@id":"https:\/\/www.thefitbody.eu\/cz\/product\/pure-boost-combo\/","url":"https:\/\/www.thefitbody.eu\/cz\/product\/pure-boost-combo\/","name":"PURE BOOST COMBO - Detox & Active \u010caj - TheFitBody Czech","isPartOf":{"@id":"https:\/\/www.thefitbody.eu\/cz\/#website"},"datePublished":"2022-05-09T20:40:10+00:00","dateModified":"2022-07-19T07:42:41+00:00","description":"Nejlep\u0161\u00ed aktivn\u00ed detoxika\u010dn\u00ed slo\u017eky v kombinaci s \u010dist\u00fdmi energiz\u00e9ry. Aktivn\u00ed bylinn\u00fd komplex pro aktivn\u00ed \u017eeny a mu\u017ee.","breadcrumb":{"@id":"https:\/\/www.thefitbody.eu\/cz\/product\/pure-boost-combo\/#breadcrumb"},"inLanguage":"cs","potentialAction":[{"@type":"ReadAction","target":["https:\/\/www.thefitbody.eu\/cz\/product\/pure-boost-combo\/"]}]},{"@type":"BreadcrumbList","@id":"https:\/\/www.thefitbody.eu\/cz\/product\/pure-boost-combo\/#breadcrumb","itemListElement":[{"@type":"ListItem","position":1,"name":"Home","item":"https:\/\/www.thefitbody.eu\/cz\/"},{"@type":"ListItem","position":2,"name":"Shop","item":"https:\/\/www.thefitbody.eu\/cz\/shop\/"},{"@type":"ListItem","position":3,"name":"PURE BOOST COMBO"}]},{"@type":"WebSite","@id":"https:\/\/www.thefitbody.eu\/cz\/#website","url":"https:\/\/www.thefitbody.eu\/cz\/","name":"Thefitbody Czech","description":"TheFitBody nab\u00edz\u00ed p\u0159\u00edrodn\u00ed sm\u011bsi \u0161it\u00e9 na m\u00edru, vyvinut\u00e9 s ohledem na jednotlivce. Doprava Zdarma Nad 800 K\u010d!","publisher":{"@id":"https:\/\/www.thefitbody.eu\/cz\/#organization"},"potentialAction":[{"@type":"SearchAction","target":{"@type":"EntryPoint","urlTemplate":"https:\/\/www.thefitbody.eu\/cz\/?s={search_term_string}"},"query-input":"required name=search_term_string"}],"inLanguage":"cs"},{"@type":"Organization","@id":"https:\/\/www.thefitbody.eu\/cz\/#organization","name":"FitBody","url":"https:\/\/www.thefitbody.eu\/cz\/","logo":{"@type":"ImageObject","inLanguage":"cs","@id":"https:\/\/www.thefitbody.eu\/cz\/#\/schema\/logo\/image\/","url":"https:\/\/www.thefitbody.eu\/cz\/wp-content\/uploads\/sites\/13\/2022\/01\/index-banner-D-BG-2.jpg","contentUrl":"https:\/\/www.thefitbody.eu\/cz\/wp-content\/uploads\/sites\/13\/2022\/01\/index-banner-D-BG-2.jpg","width":1920,"height":700,"caption":"FitBody"},"image":{"@id":"https:\/\/www.thefitbody.eu\/cz\/#\/schema\/logo\/image\/"}}]}},"_links":{"self":[{"href":"https:\/\/www.thefitbody.eu\/cz\/wp-json\/wp\/v2\/product\/8155"}],"collection":[{"href":"https:\/\/www.thefitbody.eu\/cz\/wp-json\/wp\/v2\/product"}],"about":[{"href":"https:\/\/www.thefitbody.eu\/cz\/wp-json\/wp\/v2\/types\/product"}],"replies":[{"embeddable":true,"href":"https:\/\/www.thefitbody.eu\/cz\/wp-json\/wp\/v2\/comments?post=8155"}],"wp:featuredmedia":[{"embeddable":true,"href":"https:\/\/www.thefitbody.eu\/cz\/wp-json\/wp\/v2\/media\/8159"}],"wp:attachment":[{"href":"https:\/\/www.thefitbody.eu\/cz\/wp-json\/wp\/v2\/media?parent=8155"}],"wp:term":[{"taxonomy":"product_cat","embeddable":true,"href":"https:\/\/www.thefitbody.eu\/cz\/wp-json\/wp\/v2\/product_cat?post=8155"},{"taxonomy":"product_tag","embeddable":true,"href":"https:\/\/www.thefitbody.eu\/cz\/wp-json\/wp\/v2\/product_tag?post=8155"}],"curies":[{"name":"wp","href":"https:\/\/api.w.org\/{rel}","templated":true}]}}