{"id":7934,"date":"2021-05-03T13:59:59","date_gmt":"2021-05-03T10:59:59","guid":{"rendered":"https:\/\/thefitbody.eu\/en\/?post_type=product&#038;p=7934"},"modified":"2022-07-26T14:49:47","modified_gmt":"2022-07-26T11:49:47","slug":"detox-tea-2","status":"publish","type":"product","link":"https:\/\/www.thefitbody.eu\/cz\/product\/detox-tea-2\/","title":{"rendered":"DETOX TEA"},"excerpt":{"rendered":"<p><strong>FitBody Detox je nejp\u0159irozen\u011bj\u0161\u00ed a nejzdrav\u011bj\u0161\u00ed zp\u016fsob, jak osvobodit va\u0161e t\u011blo od toxin\u016f.<\/strong><\/p>\n<p>O\u010distite si t\u011blo a bu\u010fte \u0161t\u00edhl\u00ed. FitBody Detox je prok\u00e1z\u00e1no, \u017ee podporuje p\u0159irozen\u00fd detoxika\u010dn\u00ed proces va\u0161eho t\u011bla a z\u00e1rove\u0148 zlep\u0161uje jeho funkce pro <strong> vyplachov\u00e1n\u00ed toxin\u016f <\/strong> a zlep\u0161uje jeho celkovou spr\u00e1vnou funkci. FitBody Detox, vyroben\u00fd z nejsiln\u011bj\u0161\u00edch detoxika\u010dn\u00edch bylin na sv\u011bt\u011b, je <strong> 100% p\u0159\u00edrodn\u00ed rutina <\/strong> pro hloubkovou o\u010distu a lep\u0161\u00ed zdrav\u00ed b\u011bhem 2 t\u00fddn\u016f.<\/p>\n","protected":false},"featured_media":7935,"comment_status":"open","ping_status":"closed","template":"","meta":[],"product_cat":[65,44],"product_tag":[],"bundle_layout":"","bundled_by":[],"bundled_items":[],"yoast_head":"<!-- This site is optimized with the Yoast SEO plugin v22.0 - https:\/\/yoast.com\/wordpress\/plugins\/seo\/ -->\n<title>Detox Tea - Fitbody Czech - 100% P\u0159\u00edrodn\u00ed Detox Po Dobu 14 Dn\u016f<\/title>\n<meta name=\"description\" content=\"Detox Tea - Vyroben\u00fd z nejsiln\u011bj\u0161\u00edch detoxika\u010dn\u00edch bylin na sv\u011bt\u011b, je 100% p\u0159\u00edrodn\u00ed rutina pro hloubkovou o\u010distu a lep\u0161\u00ed zdrav\u00ed b\u011bhem 2 t\u00fddn\u016f\" \/>\n<meta name=\"robots\" content=\"index, follow, max-snippet:-1, max-image-preview:large, max-video-preview:-1\" \/>\n<link rel=\"canonical\" href=\"https:\/\/www.thefitbody.eu\/cz\/product\/detox-tea-2\/\" \/>\n<meta property=\"og:locale\" content=\"cs_CZ\" \/>\n<meta property=\"og:type\" content=\"article\" \/>\n<meta property=\"og:title\" content=\"Detox Tea - Fitbody Czech - 100% P\u0159\u00edrodn\u00ed Detox Po Dobu 14 Dn\u016f\" \/>\n<meta property=\"og:description\" content=\"Detox Tea - Vyroben\u00fd z nejsiln\u011bj\u0161\u00edch detoxika\u010dn\u00edch bylin na sv\u011bt\u011b, je 100% p\u0159\u00edrodn\u00ed rutina pro hloubkovou o\u010distu a lep\u0161\u00ed zdrav\u00ed b\u011bhem 2 t\u00fddn\u016f\" \/>\n<meta property=\"og:url\" content=\"https:\/\/www.thefitbody.eu\/cz\/product\/detox-tea-2\/\" \/>\n<meta property=\"og:site_name\" content=\"Thefitbody Czech\" \/>\n<meta property=\"article:modified_time\" content=\"2022-07-26T11:49:47+00:00\" \/>\n<meta property=\"og:image\" content=\"https:\/\/www.thefitbody.eu\/cz\/wp-content\/uploads\/sites\/13\/2021\/12\/fit-body-detox-tea-14-days-prooduct-image-600x600-1.png\" \/>\n\t<meta property=\"og:image:width\" content=\"600\" \/>\n\t<meta property=\"og:image:height\" content=\"600\" \/>\n\t<meta property=\"og:image:type\" content=\"image\/png\" \/>\n<meta name=\"twitter:card\" content=\"summary_large_image\" \/>\n<script type=\"application\/ld+json\" class=\"yoast-schema-graph\">{\"@context\":\"https:\/\/schema.org\",\"@graph\":[{\"@type\":\"WebPage\",\"@id\":\"https:\/\/www.thefitbody.eu\/cz\/product\/detox-tea-2\/\",\"url\":\"https:\/\/www.thefitbody.eu\/cz\/product\/detox-tea-2\/\",\"name\":\"Detox Tea - Fitbody Czech - 100% P\u0159\u00edrodn\u00ed Detox Po Dobu 14 Dn\u016f\",\"isPartOf\":{\"@id\":\"https:\/\/www.thefitbody.eu\/cz\/#website\"},\"datePublished\":\"2021-05-03T10:59:59+00:00\",\"dateModified\":\"2022-07-26T11:49:47+00:00\",\"description\":\"Detox Tea - Vyroben\u00fd z nejsiln\u011bj\u0161\u00edch detoxika\u010dn\u00edch bylin na sv\u011bt\u011b, je 100% p\u0159\u00edrodn\u00ed rutina pro hloubkovou o\u010distu a lep\u0161\u00ed zdrav\u00ed b\u011bhem 2 t\u00fddn\u016f\",\"breadcrumb\":{\"@id\":\"https:\/\/www.thefitbody.eu\/cz\/product\/detox-tea-2\/#breadcrumb\"},\"inLanguage\":\"cs\",\"potentialAction\":[{\"@type\":\"ReadAction\",\"target\":[\"https:\/\/www.thefitbody.eu\/cz\/product\/detox-tea-2\/\"]}]},{\"@type\":\"BreadcrumbList\",\"@id\":\"https:\/\/www.thefitbody.eu\/cz\/product\/detox-tea-2\/#breadcrumb\",\"itemListElement\":[{\"@type\":\"ListItem\",\"position\":1,\"name\":\"Home\",\"item\":\"https:\/\/www.thefitbody.eu\/cz\/\"},{\"@type\":\"ListItem\",\"position\":2,\"name\":\"Shop\",\"item\":\"https:\/\/www.thefitbody.eu\/cz\/shop\/\"},{\"@type\":\"ListItem\",\"position\":3,\"name\":\"DETOX TEA\"}]},{\"@type\":\"WebSite\",\"@id\":\"https:\/\/www.thefitbody.eu\/cz\/#website\",\"url\":\"https:\/\/www.thefitbody.eu\/cz\/\",\"name\":\"Thefitbody Czech\",\"description\":\"TheFitBody nab\u00edz\u00ed p\u0159\u00edrodn\u00ed sm\u011bsi \u0161it\u00e9 na m\u00edru, vyvinut\u00e9 s ohledem na jednotlivce. Doprava Zdarma Nad 800 K\u010d!\",\"publisher\":{\"@id\":\"https:\/\/www.thefitbody.eu\/cz\/#organization\"},\"potentialAction\":[{\"@type\":\"SearchAction\",\"target\":{\"@type\":\"EntryPoint\",\"urlTemplate\":\"https:\/\/www.thefitbody.eu\/cz\/?s={search_term_string}\"},\"query-input\":\"required name=search_term_string\"}],\"inLanguage\":\"cs\"},{\"@type\":\"Organization\",\"@id\":\"https:\/\/www.thefitbody.eu\/cz\/#organization\",\"name\":\"FitBody\",\"url\":\"https:\/\/www.thefitbody.eu\/cz\/\",\"logo\":{\"@type\":\"ImageObject\",\"inLanguage\":\"cs\",\"@id\":\"https:\/\/www.thefitbody.eu\/cz\/#\/schema\/logo\/image\/\",\"url\":\"https:\/\/www.thefitbody.eu\/cz\/wp-content\/uploads\/sites\/13\/2022\/01\/index-banner-D-BG-2.jpg\",\"contentUrl\":\"https:\/\/www.thefitbody.eu\/cz\/wp-content\/uploads\/sites\/13\/2022\/01\/index-banner-D-BG-2.jpg\",\"width\":1920,\"height\":700,\"caption\":\"FitBody\"},\"image\":{\"@id\":\"https:\/\/www.thefitbody.eu\/cz\/#\/schema\/logo\/image\/\"}}]}<\/script>\n<!-- \/ Yoast SEO plugin. -->","yoast_head_json":{"title":"Detox Tea - Fitbody Czech - 100% P\u0159\u00edrodn\u00ed Detox Po Dobu 14 Dn\u016f","description":"Detox Tea - Vyroben\u00fd z nejsiln\u011bj\u0161\u00edch detoxika\u010dn\u00edch bylin na sv\u011bt\u011b, je 100% p\u0159\u00edrodn\u00ed rutina pro hloubkovou o\u010distu a lep\u0161\u00ed zdrav\u00ed b\u011bhem 2 t\u00fddn\u016f","robots":{"index":"index","follow":"follow","max-snippet":"max-snippet:-1","max-image-preview":"max-image-preview:large","max-video-preview":"max-video-preview:-1"},"canonical":"https:\/\/www.thefitbody.eu\/cz\/product\/detox-tea-2\/","og_locale":"cs_CZ","og_type":"article","og_title":"Detox Tea - Fitbody Czech - 100% P\u0159\u00edrodn\u00ed Detox Po Dobu 14 Dn\u016f","og_description":"Detox Tea - Vyroben\u00fd z nejsiln\u011bj\u0161\u00edch detoxika\u010dn\u00edch bylin na sv\u011bt\u011b, je 100% p\u0159\u00edrodn\u00ed rutina pro hloubkovou o\u010distu a lep\u0161\u00ed zdrav\u00ed b\u011bhem 2 t\u00fddn\u016f","og_url":"https:\/\/www.thefitbody.eu\/cz\/product\/detox-tea-2\/","og_site_name":"Thefitbody Czech","article_modified_time":"2022-07-26T11:49:47+00:00","og_image":[{"width":600,"height":600,"url":"https:\/\/www.thefitbody.eu\/cz\/wp-content\/uploads\/sites\/13\/2021\/12\/fit-body-detox-tea-14-days-prooduct-image-600x600-1.png","type":"image\/png"}],"twitter_card":"summary_large_image","schema":{"@context":"https:\/\/schema.org","@graph":[{"@type":"WebPage","@id":"https:\/\/www.thefitbody.eu\/cz\/product\/detox-tea-2\/","url":"https:\/\/www.thefitbody.eu\/cz\/product\/detox-tea-2\/","name":"Detox Tea - Fitbody Czech - 100% P\u0159\u00edrodn\u00ed Detox Po Dobu 14 Dn\u016f","isPartOf":{"@id":"https:\/\/www.thefitbody.eu\/cz\/#website"},"datePublished":"2021-05-03T10:59:59+00:00","dateModified":"2022-07-26T11:49:47+00:00","description":"Detox Tea - Vyroben\u00fd z nejsiln\u011bj\u0161\u00edch detoxika\u010dn\u00edch bylin na sv\u011bt\u011b, je 100% p\u0159\u00edrodn\u00ed rutina pro hloubkovou o\u010distu a lep\u0161\u00ed zdrav\u00ed b\u011bhem 2 t\u00fddn\u016f","breadcrumb":{"@id":"https:\/\/www.thefitbody.eu\/cz\/product\/detox-tea-2\/#breadcrumb"},"inLanguage":"cs","potentialAction":[{"@type":"ReadAction","target":["https:\/\/www.thefitbody.eu\/cz\/product\/detox-tea-2\/"]}]},{"@type":"BreadcrumbList","@id":"https:\/\/www.thefitbody.eu\/cz\/product\/detox-tea-2\/#breadcrumb","itemListElement":[{"@type":"ListItem","position":1,"name":"Home","item":"https:\/\/www.thefitbody.eu\/cz\/"},{"@type":"ListItem","position":2,"name":"Shop","item":"https:\/\/www.thefitbody.eu\/cz\/shop\/"},{"@type":"ListItem","position":3,"name":"DETOX TEA"}]},{"@type":"WebSite","@id":"https:\/\/www.thefitbody.eu\/cz\/#website","url":"https:\/\/www.thefitbody.eu\/cz\/","name":"Thefitbody Czech","description":"TheFitBody nab\u00edz\u00ed p\u0159\u00edrodn\u00ed sm\u011bsi \u0161it\u00e9 na m\u00edru, vyvinut\u00e9 s ohledem na jednotlivce. Doprava Zdarma Nad 800 K\u010d!","publisher":{"@id":"https:\/\/www.thefitbody.eu\/cz\/#organization"},"potentialAction":[{"@type":"SearchAction","target":{"@type":"EntryPoint","urlTemplate":"https:\/\/www.thefitbody.eu\/cz\/?s={search_term_string}"},"query-input":"required name=search_term_string"}],"inLanguage":"cs"},{"@type":"Organization","@id":"https:\/\/www.thefitbody.eu\/cz\/#organization","name":"FitBody","url":"https:\/\/www.thefitbody.eu\/cz\/","logo":{"@type":"ImageObject","inLanguage":"cs","@id":"https:\/\/www.thefitbody.eu\/cz\/#\/schema\/logo\/image\/","url":"https:\/\/www.thefitbody.eu\/cz\/wp-content\/uploads\/sites\/13\/2022\/01\/index-banner-D-BG-2.jpg","contentUrl":"https:\/\/www.thefitbody.eu\/cz\/wp-content\/uploads\/sites\/13\/2022\/01\/index-banner-D-BG-2.jpg","width":1920,"height":700,"caption":"FitBody"},"image":{"@id":"https:\/\/www.thefitbody.eu\/cz\/#\/schema\/logo\/image\/"}}]}},"_links":{"self":[{"href":"https:\/\/www.thefitbody.eu\/cz\/wp-json\/wp\/v2\/product\/7934"}],"collection":[{"href":"https:\/\/www.thefitbody.eu\/cz\/wp-json\/wp\/v2\/product"}],"about":[{"href":"https:\/\/www.thefitbody.eu\/cz\/wp-json\/wp\/v2\/types\/product"}],"replies":[{"embeddable":true,"href":"https:\/\/www.thefitbody.eu\/cz\/wp-json\/wp\/v2\/comments?post=7934"}],"wp:featuredmedia":[{"embeddable":true,"href":"https:\/\/www.thefitbody.eu\/cz\/wp-json\/wp\/v2\/media\/7935"}],"wp:attachment":[{"href":"https:\/\/www.thefitbody.eu\/cz\/wp-json\/wp\/v2\/media?parent=7934"}],"wp:term":[{"taxonomy":"product_cat","embeddable":true,"href":"https:\/\/www.thefitbody.eu\/cz\/wp-json\/wp\/v2\/product_cat?post=7934"},{"taxonomy":"product_tag","embeddable":true,"href":"https:\/\/www.thefitbody.eu\/cz\/wp-json\/wp\/v2\/product_tag?post=7934"}],"curies":[{"name":"wp","href":"https:\/\/api.w.org\/{rel}","templated":true}]}}