{"id":7924,"date":"2021-01-04T13:51:03","date_gmt":"2021-01-04T11:51:03","guid":{"rendered":"https:\/\/thefitbody.eu\/en\/?post_type=product&#038;p=7924"},"modified":"2023-02-12T16:50:07","modified_gmt":"2023-02-12T14:50:07","slug":"power-tea","status":"publish","type":"product","link":"https:\/\/www.thefitbody.eu\/cz\/product\/power-tea\/","title":{"rendered":"POWER TEA"},"excerpt":{"rendered":"<p><strong>Power Tea je kone\u010dn\u00fdm \u0159e\u0161en\u00edm pro ka\u017ed\u00e9ho mu\u017ea, kter\u00fd hled\u00e1, aby se jejich hra dostala na dal\u0161\u00ed \u00farove\u0148.<\/strong><\/p>\n<p>Pokro\u010dil\u00e1 formule <strong> pro mu\u017ee<\/strong>, kter\u00e1 zvy\u0161uje svalovou s\u00edlu, stimuluje testosteron a zlep\u0161uje dobu zotaven\u00ed. FitBody Power je 100% p\u0159\u00edrodn\u00ed zdrav\u00fd booster, obohacen\u00fd o byliny Damiana, Bindi a Mate &#8211; kter\u00e9 odemknou pln\u00fd potenci\u00e1l mu\u017esk\u00e9ho t\u011bla k jeho nejlep\u0161\u00edmu v\u00fdkonu. Vybudovat v\u00edce s\u00edly a pracovat na maximum &#8211; po del\u0161\u00ed dobu. C\u00edtit s\u00edlu p\u0159\u00edrody a poru\u0161it sv\u00e9 vlastn\u00ed limity, ve v\u0161em, co d\u011bl\u00e1te. \u017d\u00e1dn\u00e9 p\u0159idan\u00e9 chemik\u00e1lie nebo um\u011bl\u00e9 stimulanty.<\/p>\n","protected":false},"featured_media":7925,"comment_status":"open","ping_status":"closed","template":"","meta":[],"product_cat":[68,44],"product_tag":[],"bundle_layout":"","bundled_by":[],"bundled_items":[],"yoast_head":"<!-- This site is optimized with the Yoast SEO plugin v22.0 - https:\/\/yoast.com\/wordpress\/plugins\/seo\/ -->\n<title>Power \u0422\u0435\u0430 - Silov\u00fd \u010daj s kotvi\u010dn\u00edk zemn\u00ed- FitBody \u010cesk\u00e1 Republika<\/title>\n<meta name=\"description\" content=\"Power Tea - Pokro\u010dil\u00e1 formule pro mu\u017ee (s kotvi\u010dn\u00edk zemn\u00ed), kter\u00e1 zvy\u0161uje svalovou s\u00edlu, stimuluje testosteron a zlep\u0161uje dobu zotaven\u00ed.\" \/>\n<meta name=\"robots\" content=\"index, follow, max-snippet:-1, max-image-preview:large, max-video-preview:-1\" \/>\n<link rel=\"canonical\" href=\"https:\/\/www.thefitbody.eu\/cz\/product\/power-tea\/\" \/>\n<meta property=\"og:locale\" content=\"cs_CZ\" \/>\n<meta property=\"og:type\" content=\"article\" \/>\n<meta property=\"og:title\" content=\"Power \u0422\u0435\u0430 - Silov\u00fd \u010daj s kotvi\u010dn\u00edk zemn\u00ed- FitBody \u010cesk\u00e1 Republika\" \/>\n<meta property=\"og:description\" content=\"Power Tea - Pokro\u010dil\u00e1 formule pro mu\u017ee (s kotvi\u010dn\u00edk zemn\u00ed), kter\u00e1 zvy\u0161uje svalovou s\u00edlu, stimuluje testosteron a zlep\u0161uje dobu zotaven\u00ed.\" \/>\n<meta property=\"og:url\" content=\"https:\/\/www.thefitbody.eu\/cz\/product\/power-tea\/\" \/>\n<meta property=\"og:site_name\" content=\"Thefitbody Czech\" \/>\n<meta property=\"article:modified_time\" content=\"2023-02-12T14:50:07+00:00\" \/>\n<meta property=\"og:image\" content=\"https:\/\/www.thefitbody.eu\/cz\/wp-content\/uploads\/sites\/13\/2021\/12\/fit-body-power-tea-28-days-prooduct-image-600x600-1.png\" \/>\n\t<meta property=\"og:image:width\" content=\"600\" \/>\n\t<meta property=\"og:image:height\" content=\"600\" \/>\n\t<meta property=\"og:image:type\" content=\"image\/png\" \/>\n<meta name=\"twitter:card\" content=\"summary_large_image\" \/>\n<script type=\"application\/ld+json\" class=\"yoast-schema-graph\">{\"@context\":\"https:\/\/schema.org\",\"@graph\":[{\"@type\":\"WebPage\",\"@id\":\"https:\/\/www.thefitbody.eu\/cz\/product\/power-tea\/\",\"url\":\"https:\/\/www.thefitbody.eu\/cz\/product\/power-tea\/\",\"name\":\"Power \u0422\u0435\u0430 - Silov\u00fd \u010daj s kotvi\u010dn\u00edk zemn\u00ed- FitBody \u010cesk\u00e1 Republika\",\"isPartOf\":{\"@id\":\"https:\/\/www.thefitbody.eu\/cz\/#website\"},\"datePublished\":\"2021-01-04T11:51:03+00:00\",\"dateModified\":\"2023-02-12T14:50:07+00:00\",\"description\":\"Power Tea - Pokro\u010dil\u00e1 formule pro mu\u017ee (s kotvi\u010dn\u00edk zemn\u00ed), kter\u00e1 zvy\u0161uje svalovou s\u00edlu, stimuluje testosteron a zlep\u0161uje dobu zotaven\u00ed.\",\"breadcrumb\":{\"@id\":\"https:\/\/www.thefitbody.eu\/cz\/product\/power-tea\/#breadcrumb\"},\"inLanguage\":\"cs\",\"potentialAction\":[{\"@type\":\"ReadAction\",\"target\":[\"https:\/\/www.thefitbody.eu\/cz\/product\/power-tea\/\"]}]},{\"@type\":\"BreadcrumbList\",\"@id\":\"https:\/\/www.thefitbody.eu\/cz\/product\/power-tea\/#breadcrumb\",\"itemListElement\":[{\"@type\":\"ListItem\",\"position\":1,\"name\":\"Home\",\"item\":\"https:\/\/www.thefitbody.eu\/cz\/\"},{\"@type\":\"ListItem\",\"position\":2,\"name\":\"Shop\",\"item\":\"https:\/\/www.thefitbody.eu\/cz\/shop\/\"},{\"@type\":\"ListItem\",\"position\":3,\"name\":\"POWER TEA\"}]},{\"@type\":\"WebSite\",\"@id\":\"https:\/\/www.thefitbody.eu\/cz\/#website\",\"url\":\"https:\/\/www.thefitbody.eu\/cz\/\",\"name\":\"Thefitbody Czech\",\"description\":\"TheFitBody nab\u00edz\u00ed p\u0159\u00edrodn\u00ed sm\u011bsi \u0161it\u00e9 na m\u00edru, vyvinut\u00e9 s ohledem na jednotlivce. Doprava Zdarma Nad 800 K\u010d!\",\"publisher\":{\"@id\":\"https:\/\/www.thefitbody.eu\/cz\/#organization\"},\"potentialAction\":[{\"@type\":\"SearchAction\",\"target\":{\"@type\":\"EntryPoint\",\"urlTemplate\":\"https:\/\/www.thefitbody.eu\/cz\/?s={search_term_string}\"},\"query-input\":\"required name=search_term_string\"}],\"inLanguage\":\"cs\"},{\"@type\":\"Organization\",\"@id\":\"https:\/\/www.thefitbody.eu\/cz\/#organization\",\"name\":\"FitBody\",\"url\":\"https:\/\/www.thefitbody.eu\/cz\/\",\"logo\":{\"@type\":\"ImageObject\",\"inLanguage\":\"cs\",\"@id\":\"https:\/\/www.thefitbody.eu\/cz\/#\/schema\/logo\/image\/\",\"url\":\"https:\/\/www.thefitbody.eu\/cz\/wp-content\/uploads\/sites\/13\/2022\/01\/index-banner-D-BG-2.jpg\",\"contentUrl\":\"https:\/\/www.thefitbody.eu\/cz\/wp-content\/uploads\/sites\/13\/2022\/01\/index-banner-D-BG-2.jpg\",\"width\":1920,\"height\":700,\"caption\":\"FitBody\"},\"image\":{\"@id\":\"https:\/\/www.thefitbody.eu\/cz\/#\/schema\/logo\/image\/\"}}]}<\/script>\n<!-- \/ Yoast SEO plugin. -->","yoast_head_json":{"title":"Power \u0422\u0435\u0430 - Silov\u00fd \u010daj s kotvi\u010dn\u00edk zemn\u00ed- FitBody \u010cesk\u00e1 Republika","description":"Power Tea - Pokro\u010dil\u00e1 formule pro mu\u017ee (s kotvi\u010dn\u00edk zemn\u00ed), kter\u00e1 zvy\u0161uje svalovou s\u00edlu, stimuluje testosteron a zlep\u0161uje dobu zotaven\u00ed.","robots":{"index":"index","follow":"follow","max-snippet":"max-snippet:-1","max-image-preview":"max-image-preview:large","max-video-preview":"max-video-preview:-1"},"canonical":"https:\/\/www.thefitbody.eu\/cz\/product\/power-tea\/","og_locale":"cs_CZ","og_type":"article","og_title":"Power \u0422\u0435\u0430 - Silov\u00fd \u010daj s kotvi\u010dn\u00edk zemn\u00ed- FitBody \u010cesk\u00e1 Republika","og_description":"Power Tea - Pokro\u010dil\u00e1 formule pro mu\u017ee (s kotvi\u010dn\u00edk zemn\u00ed), kter\u00e1 zvy\u0161uje svalovou s\u00edlu, stimuluje testosteron a zlep\u0161uje dobu zotaven\u00ed.","og_url":"https:\/\/www.thefitbody.eu\/cz\/product\/power-tea\/","og_site_name":"Thefitbody Czech","article_modified_time":"2023-02-12T14:50:07+00:00","og_image":[{"width":600,"height":600,"url":"https:\/\/www.thefitbody.eu\/cz\/wp-content\/uploads\/sites\/13\/2021\/12\/fit-body-power-tea-28-days-prooduct-image-600x600-1.png","type":"image\/png"}],"twitter_card":"summary_large_image","schema":{"@context":"https:\/\/schema.org","@graph":[{"@type":"WebPage","@id":"https:\/\/www.thefitbody.eu\/cz\/product\/power-tea\/","url":"https:\/\/www.thefitbody.eu\/cz\/product\/power-tea\/","name":"Power \u0422\u0435\u0430 - Silov\u00fd \u010daj s kotvi\u010dn\u00edk zemn\u00ed- FitBody \u010cesk\u00e1 Republika","isPartOf":{"@id":"https:\/\/www.thefitbody.eu\/cz\/#website"},"datePublished":"2021-01-04T11:51:03+00:00","dateModified":"2023-02-12T14:50:07+00:00","description":"Power Tea - Pokro\u010dil\u00e1 formule pro mu\u017ee (s kotvi\u010dn\u00edk zemn\u00ed), kter\u00e1 zvy\u0161uje svalovou s\u00edlu, stimuluje testosteron a zlep\u0161uje dobu zotaven\u00ed.","breadcrumb":{"@id":"https:\/\/www.thefitbody.eu\/cz\/product\/power-tea\/#breadcrumb"},"inLanguage":"cs","potentialAction":[{"@type":"ReadAction","target":["https:\/\/www.thefitbody.eu\/cz\/product\/power-tea\/"]}]},{"@type":"BreadcrumbList","@id":"https:\/\/www.thefitbody.eu\/cz\/product\/power-tea\/#breadcrumb","itemListElement":[{"@type":"ListItem","position":1,"name":"Home","item":"https:\/\/www.thefitbody.eu\/cz\/"},{"@type":"ListItem","position":2,"name":"Shop","item":"https:\/\/www.thefitbody.eu\/cz\/shop\/"},{"@type":"ListItem","position":3,"name":"POWER TEA"}]},{"@type":"WebSite","@id":"https:\/\/www.thefitbody.eu\/cz\/#website","url":"https:\/\/www.thefitbody.eu\/cz\/","name":"Thefitbody Czech","description":"TheFitBody nab\u00edz\u00ed p\u0159\u00edrodn\u00ed sm\u011bsi \u0161it\u00e9 na m\u00edru, vyvinut\u00e9 s ohledem na jednotlivce. Doprava Zdarma Nad 800 K\u010d!","publisher":{"@id":"https:\/\/www.thefitbody.eu\/cz\/#organization"},"potentialAction":[{"@type":"SearchAction","target":{"@type":"EntryPoint","urlTemplate":"https:\/\/www.thefitbody.eu\/cz\/?s={search_term_string}"},"query-input":"required name=search_term_string"}],"inLanguage":"cs"},{"@type":"Organization","@id":"https:\/\/www.thefitbody.eu\/cz\/#organization","name":"FitBody","url":"https:\/\/www.thefitbody.eu\/cz\/","logo":{"@type":"ImageObject","inLanguage":"cs","@id":"https:\/\/www.thefitbody.eu\/cz\/#\/schema\/logo\/image\/","url":"https:\/\/www.thefitbody.eu\/cz\/wp-content\/uploads\/sites\/13\/2022\/01\/index-banner-D-BG-2.jpg","contentUrl":"https:\/\/www.thefitbody.eu\/cz\/wp-content\/uploads\/sites\/13\/2022\/01\/index-banner-D-BG-2.jpg","width":1920,"height":700,"caption":"FitBody"},"image":{"@id":"https:\/\/www.thefitbody.eu\/cz\/#\/schema\/logo\/image\/"}}]}},"_links":{"self":[{"href":"https:\/\/www.thefitbody.eu\/cz\/wp-json\/wp\/v2\/product\/7924"}],"collection":[{"href":"https:\/\/www.thefitbody.eu\/cz\/wp-json\/wp\/v2\/product"}],"about":[{"href":"https:\/\/www.thefitbody.eu\/cz\/wp-json\/wp\/v2\/types\/product"}],"replies":[{"embeddable":true,"href":"https:\/\/www.thefitbody.eu\/cz\/wp-json\/wp\/v2\/comments?post=7924"}],"wp:featuredmedia":[{"embeddable":true,"href":"https:\/\/www.thefitbody.eu\/cz\/wp-json\/wp\/v2\/media\/7925"}],"wp:attachment":[{"href":"https:\/\/www.thefitbody.eu\/cz\/wp-json\/wp\/v2\/media?parent=7924"}],"wp:term":[{"taxonomy":"product_cat","embeddable":true,"href":"https:\/\/www.thefitbody.eu\/cz\/wp-json\/wp\/v2\/product_cat?post=7924"},{"taxonomy":"product_tag","embeddable":true,"href":"https:\/\/www.thefitbody.eu\/cz\/wp-json\/wp\/v2\/product_tag?post=7924"}],"curies":[{"name":"wp","href":"https:\/\/api.w.org\/{rel}","templated":true}]}}