{"id":7722,"date":"2021-11-29T15:45:39","date_gmt":"2021-11-29T13:45:39","guid":{"rendered":"https:\/\/thefitbody.eu\/en\/?post_type=product&#038;p=7722"},"modified":"2022-06-24T15:49:04","modified_gmt":"2022-06-24T12:49:04","slug":"bundle-11","status":"publish","type":"product","link":"https:\/\/www.thefitbody.eu\/cz\/product\/bundle-11\/","title":{"rendered":"Bundle 1+1"},"excerpt":{"rendered":"<div class=\"box_prod_desc\">\n<p style=\"padding-bottom: 20px;\">\u0418\u0437\u0431\u0435\u0440\u0435\u0442\u0435 \u0441\u043b\u0435\u0434\u0432\u0430\u0449\u0430\u0442\u0430 <strong>FitBody<\/strong> \u0446\u0435\u043b!<br \/>\n\u041d\u0430\u043c\u0435\u0440\u0438 \u0438\u0434\u0435\u0430\u043b\u043d\u0430\u0442\u0430 \u043a\u043e\u043c\u0431\u0438\u043d\u0430\u0446\u0438\u044f, \u0437\u0430 \u0434\u0430 \u0437\u0430\u0440\u0435\u0434\u0438\u0448 \u0441\u0432\u043e\u0435\u0442\u043e \u043f\u0440\u0438\u043a\u043b\u044e\u0447\u0435\u043d\u0438\u0435, \u0441\u0435\u0433\u0430 \u0441 -10% \u043e\u0442\u0441\u0442\u044a\u043f\u043a\u0430!<br \/>\n<strong>\u0418\u0437\u0431\u0435\u0440\u0438 2&#215;100 \u0433\u0440. \u043e\u043f\u0430\u043a\u043e\u0432\u043a\u0438 FitBody \u043f\u043e \u0442\u0432\u043e\u0439 \u0438\u0437\u0431\u043e\u0440!<\/strong><\/p>\n<h3 style=\"color: #ed1c24;\">\u0422\u0412\u041e\u0419 \u0418\u0417\u0411\u041e\u0420:<\/h3>\n<\/div>\n","protected":false},"featured_media":7753,"comment_status":"open","ping_status":"closed","template":"","meta":[],"product_cat":[31],"product_tag":[],"bundle_layout":"","bundled_by":[],"bundled_items":[],"yoast_head":"<!-- This site is optimized with the Yoast SEO plugin v22.0 - https:\/\/yoast.com\/wordpress\/plugins\/seo\/ -->\n<title>Bundle 1+1 - Thefitbody Czech<\/title>\n<meta name=\"robots\" content=\"index, follow, max-snippet:-1, max-image-preview:large, max-video-preview:-1\" \/>\n<link rel=\"canonical\" href=\"https:\/\/www.thefitbody.eu\/cz\/product\/bundle-11\/\" \/>\n<meta property=\"og:locale\" content=\"cs_CZ\" \/>\n<meta property=\"og:type\" content=\"article\" \/>\n<meta property=\"og:title\" content=\"Bundle 1+1 - Thefitbody Czech\" \/>\n<meta property=\"og:description\" content=\"\u0418\u0437\u0431\u0435\u0440\u0435\u0442\u0435 \u0441\u043b\u0435\u0434\u0432\u0430\u0449\u0430\u0442\u0430 FitBody \u0446\u0435\u043b! \u041d\u0430\u043c\u0435\u0440\u0438 \u0438\u0434\u0435\u0430\u043b\u043d\u0430\u0442\u0430 \u043a\u043e\u043c\u0431\u0438\u043d\u0430\u0446\u0438\u044f, \u0437\u0430 \u0434\u0430 \u0437\u0430\u0440\u0435\u0434\u0438\u0448 \u0441\u0432\u043e\u0435\u0442\u043e \u043f\u0440\u0438\u043a\u043b\u044e\u0447\u0435\u043d\u0438\u0435, \u0441\u0435\u0433\u0430 \u0441 -10% \u043e\u0442\u0441\u0442\u044a\u043f\u043a\u0430! \u0418\u0437\u0431\u0435\u0440\u0438 2x100 \u0433\u0440. \u043e\u043f\u0430\u043a\u043e\u0432\u043a\u0438 FitBody \u043f\u043e \u0442\u0432\u043e\u0439 \u0438\u0437\u0431\u043e\u0440!  \u0422\u0412\u041e\u0419 \u0418\u0417\u0411\u041e\u0420:\" \/>\n<meta property=\"og:url\" content=\"https:\/\/www.thefitbody.eu\/cz\/product\/bundle-11\/\" \/>\n<meta property=\"og:site_name\" content=\"Thefitbody Czech\" \/>\n<meta property=\"article:modified_time\" content=\"2022-06-24T12:49:04+00:00\" \/>\n<meta property=\"og:image\" content=\"https:\/\/www.thefitbody.eu\/cz\/wp-content\/uploads\/sites\/13\/2022\/01\/index-banner-D-BG-2.jpg\" \/>\n\t<meta property=\"og:image:width\" content=\"1920\" \/>\n\t<meta property=\"og:image:height\" content=\"700\" \/>\n\t<meta property=\"og:image:type\" content=\"image\/jpeg\" \/>\n<meta name=\"twitter:card\" content=\"summary_large_image\" \/>\n<script type=\"application\/ld+json\" class=\"yoast-schema-graph\">{\"@context\":\"https:\/\/schema.org\",\"@graph\":[{\"@type\":\"WebPage\",\"@id\":\"https:\/\/www.thefitbody.eu\/cz\/product\/bundle-11\/\",\"url\":\"https:\/\/www.thefitbody.eu\/cz\/product\/bundle-11\/\",\"name\":\"Bundle 1+1 - Thefitbody Czech\",\"isPartOf\":{\"@id\":\"https:\/\/www.thefitbody.eu\/cz\/#website\"},\"datePublished\":\"2021-11-29T13:45:39+00:00\",\"dateModified\":\"2022-06-24T12:49:04+00:00\",\"breadcrumb\":{\"@id\":\"https:\/\/www.thefitbody.eu\/cz\/product\/bundle-11\/#breadcrumb\"},\"inLanguage\":\"cs\",\"potentialAction\":[{\"@type\":\"ReadAction\",\"target\":[\"https:\/\/www.thefitbody.eu\/cz\/product\/bundle-11\/\"]}]},{\"@type\":\"BreadcrumbList\",\"@id\":\"https:\/\/www.thefitbody.eu\/cz\/product\/bundle-11\/#breadcrumb\",\"itemListElement\":[{\"@type\":\"ListItem\",\"position\":1,\"name\":\"Home\",\"item\":\"https:\/\/www.thefitbody.eu\/cz\/\"},{\"@type\":\"ListItem\",\"position\":2,\"name\":\"Shop\",\"item\":\"https:\/\/www.thefitbody.eu\/cz\/shop\/\"},{\"@type\":\"ListItem\",\"position\":3,\"name\":\"Bundle 1+1\"}]},{\"@type\":\"WebSite\",\"@id\":\"https:\/\/www.thefitbody.eu\/cz\/#website\",\"url\":\"https:\/\/www.thefitbody.eu\/cz\/\",\"name\":\"Thefitbody Czech\",\"description\":\"TheFitBody nab\u00edz\u00ed p\u0159\u00edrodn\u00ed sm\u011bsi \u0161it\u00e9 na m\u00edru, vyvinut\u00e9 s ohledem na jednotlivce. Doprava Zdarma Nad 800 K\u010d!\",\"publisher\":{\"@id\":\"https:\/\/www.thefitbody.eu\/cz\/#organization\"},\"potentialAction\":[{\"@type\":\"SearchAction\",\"target\":{\"@type\":\"EntryPoint\",\"urlTemplate\":\"https:\/\/www.thefitbody.eu\/cz\/?s={search_term_string}\"},\"query-input\":\"required name=search_term_string\"}],\"inLanguage\":\"cs\"},{\"@type\":\"Organization\",\"@id\":\"https:\/\/www.thefitbody.eu\/cz\/#organization\",\"name\":\"FitBody\",\"url\":\"https:\/\/www.thefitbody.eu\/cz\/\",\"logo\":{\"@type\":\"ImageObject\",\"inLanguage\":\"cs\",\"@id\":\"https:\/\/www.thefitbody.eu\/cz\/#\/schema\/logo\/image\/\",\"url\":\"https:\/\/www.thefitbody.eu\/cz\/wp-content\/uploads\/sites\/13\/2022\/01\/index-banner-D-BG-2.jpg\",\"contentUrl\":\"https:\/\/www.thefitbody.eu\/cz\/wp-content\/uploads\/sites\/13\/2022\/01\/index-banner-D-BG-2.jpg\",\"width\":1920,\"height\":700,\"caption\":\"FitBody\"},\"image\":{\"@id\":\"https:\/\/www.thefitbody.eu\/cz\/#\/schema\/logo\/image\/\"}}]}<\/script>\n<!-- \/ Yoast SEO plugin. -->","yoast_head_json":{"title":"Bundle 1+1 - Thefitbody Czech","robots":{"index":"index","follow":"follow","max-snippet":"max-snippet:-1","max-image-preview":"max-image-preview:large","max-video-preview":"max-video-preview:-1"},"canonical":"https:\/\/www.thefitbody.eu\/cz\/product\/bundle-11\/","og_locale":"cs_CZ","og_type":"article","og_title":"Bundle 1+1 - Thefitbody Czech","og_description":"\u0418\u0437\u0431\u0435\u0440\u0435\u0442\u0435 \u0441\u043b\u0435\u0434\u0432\u0430\u0449\u0430\u0442\u0430 FitBody \u0446\u0435\u043b! \u041d\u0430\u043c\u0435\u0440\u0438 \u0438\u0434\u0435\u0430\u043b\u043d\u0430\u0442\u0430 \u043a\u043e\u043c\u0431\u0438\u043d\u0430\u0446\u0438\u044f, \u0437\u0430 \u0434\u0430 \u0437\u0430\u0440\u0435\u0434\u0438\u0448 \u0441\u0432\u043e\u0435\u0442\u043e \u043f\u0440\u0438\u043a\u043b\u044e\u0447\u0435\u043d\u0438\u0435, \u0441\u0435\u0433\u0430 \u0441 -10% \u043e\u0442\u0441\u0442\u044a\u043f\u043a\u0430! \u0418\u0437\u0431\u0435\u0440\u0438 2x100 \u0433\u0440. \u043e\u043f\u0430\u043a\u043e\u0432\u043a\u0438 FitBody \u043f\u043e \u0442\u0432\u043e\u0439 \u0438\u0437\u0431\u043e\u0440!  \u0422\u0412\u041e\u0419 \u0418\u0417\u0411\u041e\u0420:","og_url":"https:\/\/www.thefitbody.eu\/cz\/product\/bundle-11\/","og_site_name":"Thefitbody Czech","article_modified_time":"2022-06-24T12:49:04+00:00","og_image":[{"width":1920,"height":700,"url":"https:\/\/www.thefitbody.eu\/cz\/wp-content\/uploads\/sites\/13\/2022\/01\/index-banner-D-BG-2.jpg","type":"image\/jpeg"}],"twitter_card":"summary_large_image","schema":{"@context":"https:\/\/schema.org","@graph":[{"@type":"WebPage","@id":"https:\/\/www.thefitbody.eu\/cz\/product\/bundle-11\/","url":"https:\/\/www.thefitbody.eu\/cz\/product\/bundle-11\/","name":"Bundle 1+1 - Thefitbody Czech","isPartOf":{"@id":"https:\/\/www.thefitbody.eu\/cz\/#website"},"datePublished":"2021-11-29T13:45:39+00:00","dateModified":"2022-06-24T12:49:04+00:00","breadcrumb":{"@id":"https:\/\/www.thefitbody.eu\/cz\/product\/bundle-11\/#breadcrumb"},"inLanguage":"cs","potentialAction":[{"@type":"ReadAction","target":["https:\/\/www.thefitbody.eu\/cz\/product\/bundle-11\/"]}]},{"@type":"BreadcrumbList","@id":"https:\/\/www.thefitbody.eu\/cz\/product\/bundle-11\/#breadcrumb","itemListElement":[{"@type":"ListItem","position":1,"name":"Home","item":"https:\/\/www.thefitbody.eu\/cz\/"},{"@type":"ListItem","position":2,"name":"Shop","item":"https:\/\/www.thefitbody.eu\/cz\/shop\/"},{"@type":"ListItem","position":3,"name":"Bundle 1+1"}]},{"@type":"WebSite","@id":"https:\/\/www.thefitbody.eu\/cz\/#website","url":"https:\/\/www.thefitbody.eu\/cz\/","name":"Thefitbody Czech","description":"TheFitBody nab\u00edz\u00ed p\u0159\u00edrodn\u00ed sm\u011bsi \u0161it\u00e9 na m\u00edru, vyvinut\u00e9 s ohledem na jednotlivce. Doprava Zdarma Nad 800 K\u010d!","publisher":{"@id":"https:\/\/www.thefitbody.eu\/cz\/#organization"},"potentialAction":[{"@type":"SearchAction","target":{"@type":"EntryPoint","urlTemplate":"https:\/\/www.thefitbody.eu\/cz\/?s={search_term_string}"},"query-input":"required name=search_term_string"}],"inLanguage":"cs"},{"@type":"Organization","@id":"https:\/\/www.thefitbody.eu\/cz\/#organization","name":"FitBody","url":"https:\/\/www.thefitbody.eu\/cz\/","logo":{"@type":"ImageObject","inLanguage":"cs","@id":"https:\/\/www.thefitbody.eu\/cz\/#\/schema\/logo\/image\/","url":"https:\/\/www.thefitbody.eu\/cz\/wp-content\/uploads\/sites\/13\/2022\/01\/index-banner-D-BG-2.jpg","contentUrl":"https:\/\/www.thefitbody.eu\/cz\/wp-content\/uploads\/sites\/13\/2022\/01\/index-banner-D-BG-2.jpg","width":1920,"height":700,"caption":"FitBody"},"image":{"@id":"https:\/\/www.thefitbody.eu\/cz\/#\/schema\/logo\/image\/"}}]}},"_links":{"self":[{"href":"https:\/\/www.thefitbody.eu\/cz\/wp-json\/wp\/v2\/product\/7722"}],"collection":[{"href":"https:\/\/www.thefitbody.eu\/cz\/wp-json\/wp\/v2\/product"}],"about":[{"href":"https:\/\/www.thefitbody.eu\/cz\/wp-json\/wp\/v2\/types\/product"}],"replies":[{"embeddable":true,"href":"https:\/\/www.thefitbody.eu\/cz\/wp-json\/wp\/v2\/comments?post=7722"}],"wp:featuredmedia":[{"embeddable":true,"href":"https:\/\/www.thefitbody.eu\/cz\/wp-json\/wp\/v2\/media\/7753"}],"wp:attachment":[{"href":"https:\/\/www.thefitbody.eu\/cz\/wp-json\/wp\/v2\/media?parent=7722"}],"wp:term":[{"taxonomy":"product_cat","embeddable":true,"href":"https:\/\/www.thefitbody.eu\/cz\/wp-json\/wp\/v2\/product_cat?post=7722"},{"taxonomy":"product_tag","embeddable":true,"href":"https:\/\/www.thefitbody.eu\/cz\/wp-json\/wp\/v2\/product_tag?post=7722"}],"curies":[{"name":"wp","href":"https:\/\/api.w.org\/{rel}","templated":true}]}}