{"id":8043,"date":"2022-01-17T16:10:45","date_gmt":"2022-01-17T14:10:45","guid":{"rendered":"https:\/\/thefitbody.eu\/en\/?page_id=8043"},"modified":"2022-07-19T14:41:07","modified_gmt":"2022-07-19T11:41:07","slug":"reviews","status":"publish","type":"page","link":"https:\/\/www.thefitbody.eu\/cz\/reviews\/","title":{"rendered":"Reviews"},"content":{"rendered":"<figure><img loading=\"lazy\" decoding=\"async\" src=\"https:\/\/www.thefitbody.eu\/cz\/wp-content\/uploads\/sites\/13\/2021\/12\/Client-for-active-tea-01.png\" sizes=\"(max-width: 400px) 100vw, 400px\" srcset=\"https:\/\/www.thefitbody.eu\/cz\/wp-content\/uploads\/sites\/13\/2021\/12\/Client-for-active-tea-01.png 400w, https:\/\/www.thefitbody.eu\/cz\/wp-content\/uploads\/sites\/13\/2021\/12\/Client-for-active-tea-01-300x300.png 300w, https:\/\/www.thefitbody.eu\/cz\/wp-content\/uploads\/sites\/13\/2021\/12\/Client-for-active-tea-01-150x150.png 150w, https:\/\/www.thefitbody.eu\/cz\/wp-content\/uploads\/sites\/13\/2021\/12\/Client-for-active-tea-01-100x100.png 100w\" alt=\"\" width=\"400\" height=\"400\" \/><\/figure>\n<p>Nejlep\u0161\u00ed energetick\u00fd \u010daj, jak\u00fd jsem kdy ochutnala. Po t\u00fddnu pit\u00ed se c\u00edt\u00edm \u00fa\u017easn\u011b. B\u00fdvala jsem tak unavena. Te\u010f m\u00e1m energii cvi\u010dit ka\u017ed\u00fd den.<\/p>\n<h1>Mona<\/h1>\n<p>Verified Purchase<\/p>\n<figure><img loading=\"lazy\" decoding=\"async\" src=\"https:\/\/www.thefitbody.eu\/cz\/wp-content\/uploads\/sites\/13\/2021\/12\/Client-for-detox-tea-01.png\" sizes=\"(max-width: 400px) 100vw, 400px\" srcset=\"https:\/\/www.thefitbody.eu\/cz\/wp-content\/uploads\/sites\/13\/2021\/12\/Client-for-detox-tea-01.png 400w, https:\/\/www.thefitbody.eu\/cz\/wp-content\/uploads\/sites\/13\/2021\/12\/Client-for-detox-tea-01-300x300.png 300w, https:\/\/www.thefitbody.eu\/cz\/wp-content\/uploads\/sites\/13\/2021\/12\/Client-for-detox-tea-01-150x150.png 150w, https:\/\/www.thefitbody.eu\/cz\/wp-content\/uploads\/sites\/13\/2021\/12\/Client-for-detox-tea-01-100x100.png 100w\" alt=\"\" width=\"400\" height=\"400\" \/><\/figure>\n<p>Piju FitBody Detox asi t\u00fdden, obvykle p\u0159ed sn\u00eddan\u00ed a ob\u011bdem. Moje nafoukl\u00e9 b\u0159icho zmizelo, moje t\u011blo se stalo energi\u010dt\u011bj\u0161\u00edm a j\u00e1 jsem trochu zhubla. D\u011bkuji.<\/p>\n<h1>N\u00e1na<\/h1>\n<p>Verified Purchase<\/p>\n<figure><img loading=\"lazy\" decoding=\"async\" src=\"https:\/\/www.thefitbody.eu\/cz\/wp-content\/uploads\/sites\/13\/2021\/12\/Client-for-all-teas-01.png\" sizes=\"(max-width: 400px) 100vw, 400px\" srcset=\"https:\/\/www.thefitbody.eu\/cz\/wp-content\/uploads\/sites\/13\/2021\/12\/Client-for-all-teas-01.png 400w, https:\/\/www.thefitbody.eu\/cz\/wp-content\/uploads\/sites\/13\/2021\/12\/Client-for-all-teas-01-300x300.png 300w, https:\/\/www.thefitbody.eu\/cz\/wp-content\/uploads\/sites\/13\/2021\/12\/Client-for-all-teas-01-150x150.png 150w, https:\/\/www.thefitbody.eu\/cz\/wp-content\/uploads\/sites\/13\/2021\/12\/Client-for-all-teas-01-100x100.png 100w\" alt=\"\" width=\"400\" height=\"400\" \/><\/figure>\n<p>K\u00e9\u017e bych o t\u011bchto sm\u011bs\u00edch v\u011bd\u011bla u\u017e p\u0159ed lety! Tak snadno jsem se za\u010dala c\u00edtit sv\u011b\u017e\u00ed, fit a pln\u00e1 energie! \u2019<\/p>\n<h1>Pepa<\/h1>\n<p>Verified Purchase<br \/>\n[wc_photo_reviews_shortcode is_elementor=&#8217;yes&#8217; comments_per_page=&#8217;12&#8217; cols=&#8221; cols_mobile=&#8221; cols_gap=&#8221; use_single_product=&#8221; products=&#8221; products_status=&#8217;publish&#8217; grid_bg_color=&#8221; grid_item_bg_color=&#8221; grid_item_border_color=&#8221; text_color=&#8221; star_color=&#8217;#ffb600&#8242; product_cat=&#8221; order=&#8217;DESC&#8217; orderby=&#8217;comment_date&#8217; show_product=&#8221; filter=&#8217;on&#8217; pagination=&#8217;on&#8217; pagination_ajax=&#8217;on&#8217; loadmore_button=&#8221; pagination_next=&#8221; pagination_pre=&#8221; filter_default_image=&#8221; filter_default_verified=&#8221; filter_default_rating=&#8221; pagination_position=&#8217;left&#8217; conditional_tag=&#8221; custom_css=&#8221; masonry_popup=&#8221; image_popup=&#8217;below_thumb&#8217; ratings=&#8217;1,2,3,4,5&#8242; mobile=&#8217;on&#8217; style=&#8217;normal&#8217; enable_box_shadow=&#8221; full_screen_mobile=&#8221; overall_rating=&#8217;on&#8217; rating_count=&#8217;on&#8217; only_images=&#8221; area_border_color=&#8217;#e5e5e5&#8242; area_bg_color=&#8221; button_color=&#8221; button_bg_color=&#8221; button_border_color=&#8217;#e5e5e5&#8242; rating_count_bar_color=&#8217;#ED1C24&#8242; verified_color=&#8217;#ffffff&#8217;]\n","protected":false},"excerpt":{"rendered":"<p>Nejlep\u0161\u00ed energetick\u00fd \u010daj, jak\u00fd jsem kdy ochutnala. Po t\u00fddnu pit\u00ed se c\u00edt\u00edm \u00fa\u017easn\u011b. B\u00fdvala jsem tak unavena. Te\u010f m\u00e1m energii cvi\u010dit ka\u017ed\u00fd den. Mona Verified Purchase Piju FitBody Detox asi t\u00fdden, obvykle p\u0159ed sn\u00eddan\u00ed a ob\u011bdem. Moje nafoukl\u00e9 b\u0159icho zmizelo, moje t\u011blo se stalo energi\u010dt\u011bj\u0161\u00edm a j\u00e1 jsem trochu zhubla. D\u011bkuji. N\u00e1na Verified Purchase K\u00e9\u017e&#8230;<\/p>\n","protected":false},"author":1,"featured_media":0,"parent":0,"menu_order":0,"comment_status":"closed","ping_status":"closed","template":"","meta":{"footnotes":""},"yoast_head":"<!-- This site is optimized with the Yoast SEO plugin v22.0 - https:\/\/yoast.com\/wordpress\/plugins\/seo\/ -->\n<title>Recenze FitBody - \u010cesk\u00e1 Republika<\/title>\n<meta name=\"robots\" content=\"index, follow, max-snippet:-1, max-image-preview:large, max-video-preview:-1\" \/>\n<link rel=\"canonical\" href=\"https:\/\/www.thefitbody.eu\/cz\/reviews\/\" \/>\n<meta property=\"og:locale\" content=\"cs_CZ\" \/>\n<meta property=\"og:type\" content=\"article\" \/>\n<meta property=\"og:title\" content=\"Recenze FitBody - \u010cesk\u00e1 Republika\" \/>\n<meta property=\"og:description\" content=\"Nejlep\u0161\u00ed energetick\u00fd \u010daj, jak\u00fd jsem kdy ochutnala. Po t\u00fddnu pit\u00ed se c\u00edt\u00edm \u00fa\u017easn\u011b. B\u00fdvala jsem tak unavena. Te\u010f m\u00e1m energii cvi\u010dit ka\u017ed\u00fd den. Mona Verified Purchase Piju FitBody Detox asi t\u00fdden, obvykle p\u0159ed sn\u00eddan\u00ed a ob\u011bdem. Moje nafoukl\u00e9 b\u0159icho zmizelo, moje t\u011blo se stalo energi\u010dt\u011bj\u0161\u00edm a j\u00e1 jsem trochu zhubla. D\u011bkuji. N\u00e1na Verified Purchase K\u00e9\u017e...\" \/>\n<meta property=\"og:url\" content=\"https:\/\/www.thefitbody.eu\/cz\/reviews\/\" \/>\n<meta property=\"og:site_name\" content=\"Thefitbody Czech\" \/>\n<meta property=\"article:modified_time\" content=\"2022-07-19T11:41:07+00:00\" \/>\n<meta property=\"og:image\" content=\"https:\/\/www.thefitbody.eu\/cz\/wp-content\/uploads\/sites\/13\/2021\/12\/Client-for-active-tea-01.png\" \/>\n<meta name=\"twitter:card\" content=\"summary_large_image\" \/>\n<meta name=\"twitter:label1\" content=\"Odhadovan\u00e1 doba \u010dten\u00ed\" \/>\n\t<meta name=\"twitter:data1\" content=\"3 minuty\" \/>\n<script type=\"application\/ld+json\" class=\"yoast-schema-graph\">{\"@context\":\"https:\/\/schema.org\",\"@graph\":[{\"@type\":\"WebPage\",\"@id\":\"https:\/\/www.thefitbody.eu\/cz\/reviews\/\",\"url\":\"https:\/\/www.thefitbody.eu\/cz\/reviews\/\",\"name\":\"Recenze FitBody - \u010cesk\u00e1 Republika\",\"isPartOf\":{\"@id\":\"https:\/\/www.thefitbody.eu\/cz\/#website\"},\"datePublished\":\"2022-01-17T14:10:45+00:00\",\"dateModified\":\"2022-07-19T11:41:07+00:00\",\"breadcrumb\":{\"@id\":\"https:\/\/www.thefitbody.eu\/cz\/reviews\/#breadcrumb\"},\"inLanguage\":\"cs\",\"potentialAction\":[{\"@type\":\"ReadAction\",\"target\":[\"https:\/\/www.thefitbody.eu\/cz\/reviews\/\"]}]},{\"@type\":\"BreadcrumbList\",\"@id\":\"https:\/\/www.thefitbody.eu\/cz\/reviews\/#breadcrumb\",\"itemListElement\":[{\"@type\":\"ListItem\",\"position\":1,\"name\":\"Home\",\"item\":\"https:\/\/www.thefitbody.eu\/cz\/\"},{\"@type\":\"ListItem\",\"position\":2,\"name\":\"Reviews\"}]},{\"@type\":\"WebSite\",\"@id\":\"https:\/\/www.thefitbody.eu\/cz\/#website\",\"url\":\"https:\/\/www.thefitbody.eu\/cz\/\",\"name\":\"Thefitbody Czech\",\"description\":\"TheFitBody nab\u00edz\u00ed p\u0159\u00edrodn\u00ed sm\u011bsi \u0161it\u00e9 na m\u00edru, vyvinut\u00e9 s ohledem na jednotlivce. Doprava Zdarma Nad 800 K\u010d!\",\"publisher\":{\"@id\":\"https:\/\/www.thefitbody.eu\/cz\/#organization\"},\"potentialAction\":[{\"@type\":\"SearchAction\",\"target\":{\"@type\":\"EntryPoint\",\"urlTemplate\":\"https:\/\/www.thefitbody.eu\/cz\/?s={search_term_string}\"},\"query-input\":\"required name=search_term_string\"}],\"inLanguage\":\"cs\"},{\"@type\":\"Organization\",\"@id\":\"https:\/\/www.thefitbody.eu\/cz\/#organization\",\"name\":\"FitBody\",\"url\":\"https:\/\/www.thefitbody.eu\/cz\/\",\"logo\":{\"@type\":\"ImageObject\",\"inLanguage\":\"cs\",\"@id\":\"https:\/\/www.thefitbody.eu\/cz\/#\/schema\/logo\/image\/\",\"url\":\"https:\/\/www.thefitbody.eu\/cz\/wp-content\/uploads\/sites\/13\/2022\/01\/index-banner-D-BG-2.jpg\",\"contentUrl\":\"https:\/\/www.thefitbody.eu\/cz\/wp-content\/uploads\/sites\/13\/2022\/01\/index-banner-D-BG-2.jpg\",\"width\":1920,\"height\":700,\"caption\":\"FitBody\"},\"image\":{\"@id\":\"https:\/\/www.thefitbody.eu\/cz\/#\/schema\/logo\/image\/\"}}]}<\/script>\n<!-- \/ Yoast SEO plugin. -->","yoast_head_json":{"title":"Recenze FitBody - \u010cesk\u00e1 Republika","robots":{"index":"index","follow":"follow","max-snippet":"max-snippet:-1","max-image-preview":"max-image-preview:large","max-video-preview":"max-video-preview:-1"},"canonical":"https:\/\/www.thefitbody.eu\/cz\/reviews\/","og_locale":"cs_CZ","og_type":"article","og_title":"Recenze FitBody - \u010cesk\u00e1 Republika","og_description":"Nejlep\u0161\u00ed energetick\u00fd \u010daj, jak\u00fd jsem kdy ochutnala. Po t\u00fddnu pit\u00ed se c\u00edt\u00edm \u00fa\u017easn\u011b. B\u00fdvala jsem tak unavena. Te\u010f m\u00e1m energii cvi\u010dit ka\u017ed\u00fd den. Mona Verified Purchase Piju FitBody Detox asi t\u00fdden, obvykle p\u0159ed sn\u00eddan\u00ed a ob\u011bdem. Moje nafoukl\u00e9 b\u0159icho zmizelo, moje t\u011blo se stalo energi\u010dt\u011bj\u0161\u00edm a j\u00e1 jsem trochu zhubla. D\u011bkuji. N\u00e1na Verified Purchase K\u00e9\u017e...","og_url":"https:\/\/www.thefitbody.eu\/cz\/reviews\/","og_site_name":"Thefitbody Czech","article_modified_time":"2022-07-19T11:41:07+00:00","og_image":[{"url":"https:\/\/www.thefitbody.eu\/cz\/wp-content\/uploads\/sites\/13\/2021\/12\/Client-for-active-tea-01.png"}],"twitter_card":"summary_large_image","twitter_misc":{"Odhadovan\u00e1 doba \u010dten\u00ed":"3 minuty"},"schema":{"@context":"https:\/\/schema.org","@graph":[{"@type":"WebPage","@id":"https:\/\/www.thefitbody.eu\/cz\/reviews\/","url":"https:\/\/www.thefitbody.eu\/cz\/reviews\/","name":"Recenze FitBody - \u010cesk\u00e1 Republika","isPartOf":{"@id":"https:\/\/www.thefitbody.eu\/cz\/#website"},"datePublished":"2022-01-17T14:10:45+00:00","dateModified":"2022-07-19T11:41:07+00:00","breadcrumb":{"@id":"https:\/\/www.thefitbody.eu\/cz\/reviews\/#breadcrumb"},"inLanguage":"cs","potentialAction":[{"@type":"ReadAction","target":["https:\/\/www.thefitbody.eu\/cz\/reviews\/"]}]},{"@type":"BreadcrumbList","@id":"https:\/\/www.thefitbody.eu\/cz\/reviews\/#breadcrumb","itemListElement":[{"@type":"ListItem","position":1,"name":"Home","item":"https:\/\/www.thefitbody.eu\/cz\/"},{"@type":"ListItem","position":2,"name":"Reviews"}]},{"@type":"WebSite","@id":"https:\/\/www.thefitbody.eu\/cz\/#website","url":"https:\/\/www.thefitbody.eu\/cz\/","name":"Thefitbody Czech","description":"TheFitBody nab\u00edz\u00ed p\u0159\u00edrodn\u00ed sm\u011bsi \u0161it\u00e9 na m\u00edru, vyvinut\u00e9 s ohledem na jednotlivce. Doprava Zdarma Nad 800 K\u010d!","publisher":{"@id":"https:\/\/www.thefitbody.eu\/cz\/#organization"},"potentialAction":[{"@type":"SearchAction","target":{"@type":"EntryPoint","urlTemplate":"https:\/\/www.thefitbody.eu\/cz\/?s={search_term_string}"},"query-input":"required name=search_term_string"}],"inLanguage":"cs"},{"@type":"Organization","@id":"https:\/\/www.thefitbody.eu\/cz\/#organization","name":"FitBody","url":"https:\/\/www.thefitbody.eu\/cz\/","logo":{"@type":"ImageObject","inLanguage":"cs","@id":"https:\/\/www.thefitbody.eu\/cz\/#\/schema\/logo\/image\/","url":"https:\/\/www.thefitbody.eu\/cz\/wp-content\/uploads\/sites\/13\/2022\/01\/index-banner-D-BG-2.jpg","contentUrl":"https:\/\/www.thefitbody.eu\/cz\/wp-content\/uploads\/sites\/13\/2022\/01\/index-banner-D-BG-2.jpg","width":1920,"height":700,"caption":"FitBody"},"image":{"@id":"https:\/\/www.thefitbody.eu\/cz\/#\/schema\/logo\/image\/"}}]}},"_links":{"self":[{"href":"https:\/\/www.thefitbody.eu\/cz\/wp-json\/wp\/v2\/pages\/8043"}],"collection":[{"href":"https:\/\/www.thefitbody.eu\/cz\/wp-json\/wp\/v2\/pages"}],"about":[{"href":"https:\/\/www.thefitbody.eu\/cz\/wp-json\/wp\/v2\/types\/page"}],"author":[{"embeddable":true,"href":"https:\/\/www.thefitbody.eu\/cz\/wp-json\/wp\/v2\/users\/1"}],"replies":[{"embeddable":true,"href":"https:\/\/www.thefitbody.eu\/cz\/wp-json\/wp\/v2\/comments?post=8043"}],"version-history":[{"count":62,"href":"https:\/\/www.thefitbody.eu\/cz\/wp-json\/wp\/v2\/pages\/8043\/revisions"}],"predecessor-version":[{"id":10214,"href":"https:\/\/www.thefitbody.eu\/cz\/wp-json\/wp\/v2\/pages\/8043\/revisions\/10214"}],"wp:attachment":[{"href":"https:\/\/www.thefitbody.eu\/cz\/wp-json\/wp\/v2\/media?parent=8043"}],"curies":[{"name":"wp","href":"https:\/\/api.w.org\/{rel}","templated":true}]}}